{"id":2189,"date":"2023-06-23T10:52:48","date_gmt":"2023-06-23T10:52:48","guid":{"rendered":"https:\/\/berdintasuna.euskaletxeak.eus\/?page_id=2189"},"modified":"2023-06-23T10:52:48","modified_gmt":"2023-06-23T10:52:48","slug":"organismos-de-igualdad-de-toda-europa-visitan-euskadi-para-conocer-sus-buenas-practicas-en-la-integracion-de-la-perspectiva-de-genero-en-las-politicas-publicas","status":"publish","type":"page","link":"https:\/\/berdintasuna.euskaletxeak.eus\/es\/organismos-de-igualdad-de-toda-europa-visitan-euskadi-para-conocer-sus-buenas-practicas-en-la-integracion-de-la-perspectiva-de-genero-en-las-politicas-publicas\/","title":{"rendered":"Organismos de igualdad de toda Europa visitan Euskadi para conocer sus buenas pr\u00e1cticas en la integraci\u00f3n de la perspectiva de g\u00e9nero en las pol\u00edticas p\u00fablicas"},"content":{"rendered":"<p>Fuente: <a href=\"https:\/\/www.irekia.euskadi.eus\/es\/news\/86680-organismos-igualdad-toda-europa-visitan-euskadi-para-conocer-sus-buenas-practicas-integracion-perspectiva-genero-las-politicas-publicas\" target=\"_blank\" rel=\"noopener\">Irekia<\/a><\/p>\n","protected":false},"excerpt":{"rendered":"<p>Fuente: Irekia<\/p>\n","protected":false},"author":3,"featured_media":2190,"parent":0,"menu_order":0,"comment_status":"closed","ping_status":"closed","template":"","meta":{"footnotes":""},"categories":[],"tags":[],"class_list":["post-2189","page","type-page","status-publish","has-post-thumbnail","hentry"],"_links":{"self":[{"href":"https:\/\/berdintasuna.euskaletxeak.eus\/es\/wp-json\/wp\/v2\/pages\/2189","targetHints":{"allow":["GET"]}}],"collection":[{"href":"https:\/\/berdintasuna.euskaletxeak.eus\/es\/wp-json\/wp\/v2\/pages"}],"about":[{"href":"https:\/\/berdintasuna.euskaletxeak.eus\/es\/wp-json\/wp\/v2\/types\/page"}],"author":[{"embeddable":true,"href":"https:\/\/berdintasuna.euskaletxeak.eus\/es\/wp-json\/wp\/v2\/users\/3"}],"replies":[{"embeddable":true,"href":"https:\/\/berdintasuna.euskaletxeak.eus\/es\/wp-json\/wp\/v2\/comments?post=2189"}],"version-history":[{"count":1,"href":"https:\/\/berdintasuna.euskaletxeak.eus\/es\/wp-json\/wp\/v2\/pages\/2189\/revisions"}],"predecessor-version":[{"id":2192,"href":"https:\/\/berdintasuna.euskaletxeak.eus\/es\/wp-json\/wp\/v2\/pages\/2189\/revisions\/2192"}],"wp:featuredmedia":[{"embeddable":true,"href":"https:\/\/berdintasuna.euskaletxeak.eus\/es\/wp-json\/wp\/v2\/media\/2190"}],"wp:attachment":[{"href":"https:\/\/berdintasuna.euskaletxeak.eus\/es\/wp-json\/wp\/v2\/media?parent=2189"}],"wp:term":[{"taxonomy":"category","embeddable":true,"href":"https:\/\/berdintasuna.euskaletxeak.eus\/es\/wp-json\/wp\/v2\/categories?post=2189"},{"taxonomy":"post_tag","embeddable":true,"href":"https:\/\/berdintasuna.euskaletxeak.eus\/es\/wp-json\/wp\/v2\/tags?post=2189"}],"curies":[{"name":"wp","href":"https:\/\/api.w.org\/{rel}","templated":true}]}}