{"id":3802,"date":"2024-10-04T12:16:11","date_gmt":"2024-10-04T12:16:11","guid":{"rendered":"https:\/\/berdintasuna.euskaletxeak.eus\/?page_id=3802"},"modified":"2024-12-23T09:11:28","modified_gmt":"2024-12-23T09:11:28","slug":"empoderamiento","status":"publish","type":"page","link":"https:\/\/berdintasuna.euskaletxeak.eus\/es\/actividades\/tematicas\/empoderamiento\/","title":{"rendered":"Empoderamiento"},"content":{"rendered":"<div class=\"wpb-content-wrapper\"><p>[vc_row el_id=\u00bbtematicas\u00bb css=\u00bb.vc_custom_1728553382450{margin-bottom: 20px !important;}\u00bb][vc_column width=\u00bb1\/12&#8243; css=\u00bb.vc_custom_1728551860595{margin-top: 0px !important;margin-bottom: 0px !important;padding-top: 0px !important;padding-bottom: 0px !important;}\u00bb][vc_single_image image=\u00bb3840&#8243; img_size=\u00bb50&#215;50&#8243; css=\u00bb.vc_custom_1728553852047{margin-top: 0px !important;margin-bottom: 0px !important;margin-left: 10px !important;padding-top: 10px !important;padding-bottom: 10px !important;}\u00bb][\/vc_column][vc_column width=\u00bb11\/12&#8243; css=\u00bb.vc_custom_1728551962862{margin-top: 0px !important;margin-bottom: 0px !important;padding-top: 0px !important;padding-bottom: 0px !important;}\u00bb][vc_column_text css=\u00bb.vc_custom_1728558402215{margin-top: 20px !important;margin-bottom: 0px !important;padding-top: 0px !important;padding-bottom: 0px !important;}\u00bb]<\/p>\n<h3>Temas a trabajar en formato Conferencia, Mesa redonda, Taller, Curso de Formaci\u00f3n o Jornada<\/h3>\n<p>[\/vc_column_text][\/vc_column][\/vc_row][vc_row full_width=\u00bbstretch_row\u00bb][vc_column css=\u00bb.vc_custom_1728561382560{margin-bottom: 15px !important;}\u00bb][vc_column_text css=\u00bb.vc_custom_1734945049703{margin-bottom: -15px !important;}\u00bb]<\/p>\n<ul>\n<li><a href=\"https:\/\/berdintasuna.euskaletxeak.eus\/wp-content\/uploads\/2024\/12\/10230108004.pdf\" target=\"_blank\" rel=\"noopener\">\u00abLa visibilidad de las mujeres en los espacios p\u00fablicos: social, laboral y pol\u00edtico\u00bb<\/a><\/li>\n<li><a href=\"https:\/\/berdintasuna.euskaletxeak.eus\/wp-content\/uploads\/2024\/12\/dt-05-10.pdf\" target=\"_blank\" rel=\"noopener\">\u00abLa historia de la econom\u00eda desde una perspectiva feminista\u00bb<\/a><\/li>\n<li><a href=\"https:\/\/berdintasuna.euskaletxeak.eus\/wp-content\/uploads\/2024\/12\/Garcia-Casado-Raquel.pdf\" target=\"_blank\" rel=\"noopener\">\u00abLa problem\u00e1tica laboral de las mujeres en el \u00e1mbito rural\u00bb<\/a><\/li>\n<li><a href=\"https:\/\/berdintasuna.euskaletxeak.eus\/wp-content\/uploads\/2024\/12\/doble_discriminacion.pdf\" target=\"_blank\" rel=\"noopener\">\u00abLa doble discriminaci\u00f3n de las mujeres con dependencia f\u00edsica o intelectual en el \u00e1mbito laboral\u00bb<\/a><\/li>\n<li><a href=\"https:\/\/berdintasuna.euskaletxeak.eus\/wp-content\/uploads\/2024\/12\/La_proteccion_de_la_dignidad_de_la_mujer_viuda_en_.pdf\" target=\"_blank\" rel=\"noopener\">\u00abLa situaci\u00f3n de discriminaci\u00f3n de las mujeres viudas\u00bb<\/a><\/li>\n<li><a href=\"https:\/\/berdintasuna.euskaletxeak.eus\/wp-content\/uploads\/2024\/12\/3._TC_Chejter_256.pdf\" target=\"_blank\" rel=\"noopener\">\u00abLa problem\u00e1tica de la prostituci\u00f3n a debate\u00bb<\/a><\/li>\n<li><a href=\"https:\/\/berdintasuna.euskaletxeak.eus\/wp-content\/uploads\/2024\/12\/TFG-RodrAguez-Ausucua-Irene.pdf\" target=\"_blank\" rel=\"noopener\">\u00ab\u00bfLas medidas de conciliaci\u00f3n son soluciones eficaces para un logro efectivo de la igualdad?\u00bb<\/a><\/li>\n<li>\u00ab\u00bfPor qu\u00e9 hay m\u00e1s desempleo entre las mujeres que entre los hombres?\u00bb<\/li>\n<li><a href=\"https:\/\/berdintasuna.euskaletxeak.eus\/wp-content\/uploads\/2024\/12\/BBPP_Medidas_mas_eficaces.pdf\" target=\"_blank\" rel=\"noopener\">\u00abIgualdad de oportunidades en el empleo, todo un reto\u00bb<\/a><\/li>\n<li><a href=\"https:\/\/www.casadellibro.com\/libro-el-tiempo-de-las-mujeres\/9788433968371\/876504?msockid=170bc186730c6bc40181d4b272a06a6a\" target=\"_blank\" rel=\"noopener\">\u00abEl tiempo de las mujeres\u00bb<\/a><\/li>\n<li>Propuesta actividades<\/li>\n<li>Empoderamiento<\/li>\n<\/ul>\n<p>[\/vc_column_text][\/vc_column][\/vc_row][vc_row full_width=\u00bbstretch_row\u00bb gap=\u00bb20&#8243;][vc_column width=\u00bb1\/2&#8243;][vc_row_inner el_id=\u00bbtematicas2&#8243;][vc_column_inner width=\u00bb1\/6&#8243;][vc_single_image image=\u00bb3830&#8243; img_size=\u00bb50&#215;50&#8243; css=\u00bb.vc_custom_1728558251399{margin-top: 0px !important;margin-bottom: 0px !important;margin-left: 10px !important;padding-top: 10px !important;padding-bottom: 10px !important;}\u00bb][\/vc_column_inner][vc_column_inner width=\u00bb5\/6&#8243;][vc_column_text css=\u00bb.vc_custom_1728558341067{margin-top: 20px !important;margin-bottom: 0px !important;padding-top: 0px !important;padding-bottom: 0px !important;}\u00bb]<\/p>\n<h3>Otros materiales<\/h3>\n<p>[\/vc_column_text][\/vc_column_inner][\/vc_row_inner][vc_column_text css=\u00bb.vc_custom_1728567850611{margin-top: 0px !important;margin-right: -15px !important;margin-bottom: 0px !important;margin-left: -15px !important;padding-top: 20px !important;padding-right: 2px !important;padding-bottom: 20px !important;padding-left: 30px !important;background-color: #eeeeee !important;}\u00bb]<\/p>\n<ul>\n<li><a href=\"https:\/\/www.youtube.com\/watch?v=OTlP4Ek3WP8\" target=\"_blank\" rel=\"noopener\">Gender Balance on Corporate Board<\/a><\/li>\n<li><a href=\"https:\/\/www.rtve.es\/play\/videos\/informe-semanal\/fue-informe-mujer-ganaras-pan\/1708414\/#aHR0cDovL3d3dy5ydHZlLmVzL2FsYWNhcnRhL2ludGVybm8vY29udGVudHRhYmxlLnNodG1sP2N0eD0xNjMxJnBhZ2VTaXplPTE1Jm9yZGVyPSZvcmRlckNyaXRlcmlhPURFU0MmbG9jYWxlPWVzJmFkdlNlYXJjaE9wZW49dHJ1ZSZ0aXRsZUZpbHRlcj1pZ3VhbGRhZCZtb250aEZpbHRlcj0meWVhckZpbHRlcj0mdHlwZUZpbHRlcj0mPXV\" target=\"_blank\" rel=\"noopener\">Mujer, ganar\u00e1s el pan<\/a><\/li>\n<li><a href=\"https:\/\/www.rtve.es\/play\/videos\/cronicas\/cronicas-companeras-del-textil\/441849\/#\" target=\"_blank\" rel=\"noopener\">Compa\u00f1eras del textil<\/a><\/li>\n<li><a href=\"https:\/\/www.rtve.es\/play\/videos\/igual-es\/\" target=\"_blank\" rel=\"noopener\">Ellas\u2026se mueven. Por tierra, mar y aire<\/a><\/li>\n<\/ul>\n<p>[\/vc_column_text][\/vc_column][vc_column width=\u00bb1\/2&#8243;][vc_row_inner el_id=\u00bbtematicas2&#8243;][vc_column_inner width=\u00bb1\/6&#8243;][vc_single_image image=\u00bb3834&#8243; img_size=\u00bb50&#215;50&#8243; css=\u00bb.vc_custom_1728560808430{margin-top: 0px !important;margin-bottom: 0px !important;margin-left: 10px !important;padding-top: 10px !important;padding-bottom: 10px !important;}\u00bb][\/vc_column_inner][vc_column_inner width=\u00bb5\/6&#8243;][vc_column_text css=\u00bb.vc_custom_1728558394595{margin-top: 20px !important;margin-bottom: 0px !important;padding-top: 0px !important;padding-bottom: 0px !important;}\u00bb]<\/p>\n<h3>Pel\u00edculas a trabajar en formato V\u00eddeo Forum<\/h3>\n<p>[\/vc_column_text][\/vc_column_inner][\/vc_row_inner][vc_column_text css=\u00bb.vc_custom_1733733214930{margin-top: 0px !important;margin-right: -15px !important;margin-bottom: 0px !important;margin-left: -15px !important;padding-top: 20px !important;padding-right: 2px !important;padding-bottom: 20px !important;padding-left: 30px !important;background-color: #eeeeee !important;}\u00bb]<\/p>\n<ul>\n<li>Las mujeres de verdad tienen curvas<\/li>\n<li>Ciudad del silencio<\/li>\n<li>Frozen river<\/li>\n<li>Antigua vida m\u00eda<\/li>\n<li>Cicatrices<\/li>\n<li>Te doy mis ojos<\/li>\n<li>Princesas<\/li>\n<li>Agua<\/li>\n<li>4 meses, 3 semanas, 2 d\u00edas<\/li>\n<li>Buda explot\u00f3 por verg\u00fcenza<\/li>\n<li>Yentl<\/li>\n<li>Sweetie<\/li>\n<li>Daughters of the dust<\/li>\n<li>Burn in flames<\/li>\n<\/ul>\n<p>[\/vc_column_text][\/vc_column][\/vc_row]<\/p>\n<\/div>","protected":false},"excerpt":{"rendered":"<p>[vc_row el_id=\u00bbtematicas\u00bb css=\u00bb.vc_custom_1728553382450{margin-bottom: 20px !important;}\u00bb][vc_column width=\u00bb1\/12&#8243; css=\u00bb.vc_custom_1728551860595{margin-top: 0px !important;margin-bottom: 0px !important;padding-top: 0px !important;padding-bottom: 0px !important;}\u00bb][vc_single_image image=\u00bb3840&#8243; img_size=\u00bb50&#215;50&#8243; css=\u00bb.vc_custom_1728553852047{margin-top: 0px !important;margin-bottom: 0px !important;margin-left: 10px !important;padding-top: 10px !important;padding-bottom:<span class=\"excerpt-hellip\"> [\u2026]<\/span><\/p>\n","protected":false},"author":5,"featured_media":0,"parent":640,"menu_order":0,"comment_status":"closed","ping_status":"closed","template":"","meta":{"footnotes":""},"categories":[],"tags":[],"class_list":["post-3802","page","type-page","status-publish","hentry"],"_links":{"self":[{"href":"https:\/\/berdintasuna.euskaletxeak.eus\/es\/wp-json\/wp\/v2\/pages\/3802","targetHints":{"allow":["GET"]}}],"collection":[{"href":"https:\/\/berdintasuna.euskaletxeak.eus\/es\/wp-json\/wp\/v2\/pages"}],"about":[{"href":"https:\/\/berdintasuna.euskaletxeak.eus\/es\/wp-json\/wp\/v2\/types\/page"}],"author":[{"embeddable":true,"href":"https:\/\/berdintasuna.euskaletxeak.eus\/es\/wp-json\/wp\/v2\/users\/5"}],"replies":[{"embeddable":true,"href":"https:\/\/berdintasuna.euskaletxeak.eus\/es\/wp-json\/wp\/v2\/comments?post=3802"}],"version-history":[{"count":40,"href":"https:\/\/berdintasuna.euskaletxeak.eus\/es\/wp-json\/wp\/v2\/pages\/3802\/revisions"}],"predecessor-version":[{"id":4635,"href":"https:\/\/berdintasuna.euskaletxeak.eus\/es\/wp-json\/wp\/v2\/pages\/3802\/revisions\/4635"}],"up":[{"embeddable":true,"href":"https:\/\/berdintasuna.euskaletxeak.eus\/es\/wp-json\/wp\/v2\/pages\/640"}],"wp:attachment":[{"href":"https:\/\/berdintasuna.euskaletxeak.eus\/es\/wp-json\/wp\/v2\/media?parent=3802"}],"wp:term":[{"taxonomy":"category","embeddable":true,"href":"https:\/\/berdintasuna.euskaletxeak.eus\/es\/wp-json\/wp\/v2\/categories?post=3802"},{"taxonomy":"post_tag","embeddable":true,"href":"https:\/\/berdintasuna.euskaletxeak.eus\/es\/wp-json\/wp\/v2\/tags?post=3802"}],"curies":[{"name":"wp","href":"https:\/\/api.w.org\/{rel}","templated":true}]}}