{"id":3871,"date":"2024-10-10T14:42:37","date_gmt":"2024-10-10T14:42:37","guid":{"rendered":"https:\/\/berdintasuna.euskaletxeak.eus\/?page_id=3871"},"modified":"2024-12-30T13:11:15","modified_gmt":"2024-12-30T13:11:15","slug":"comunicacion","status":"publish","type":"page","link":"https:\/\/berdintasuna.euskaletxeak.eus\/es\/actividades\/tematicas\/comunicacion\/","title":{"rendered":"Comunicaci\u00f3n"},"content":{"rendered":"<div class=\"wpb-content-wrapper\"><p>[vc_row el_id=\u00bbtematicas\u00bb css=\u00bb.vc_custom_1728553382450{margin-bottom: 20px !important;}\u00bb][vc_column width=\u00bb1\/12&#8243; css=\u00bb.vc_custom_1728551860595{margin-top: 0px !important;margin-bottom: 0px !important;padding-top: 0px !important;padding-bottom: 0px !important;}\u00bb][vc_single_image image=\u00bb3840&#8243; img_size=\u00bb50&#215;50&#8243; css=\u00bb.vc_custom_1728553852047{margin-top: 0px !important;margin-bottom: 0px !important;margin-left: 10px !important;padding-top: 10px !important;padding-bottom: 10px !important;}\u00bb][\/vc_column][vc_column width=\u00bb11\/12&#8243; css=\u00bb.vc_custom_1728551962862{margin-top: 0px !important;margin-bottom: 0px !important;padding-top: 0px !important;padding-bottom: 0px !important;}\u00bb][vc_column_text css=\u00bb.vc_custom_1728558402215{margin-top: 20px !important;margin-bottom: 0px !important;padding-top: 0px !important;padding-bottom: 0px !important;}\u00bb]<\/p>\n<h3>Temas a trabajar en formato Conferencia, Mesa redonda, Taller, Curso de Formaci\u00f3n o Jornada<\/h3>\n<p>[\/vc_column_text][\/vc_column][\/vc_row][vc_row full_width=\u00bbstretch_row\u00bb][vc_column css=\u00bb.vc_custom_1728561382560{margin-bottom: 15px !important;}\u00bb][vc_column_text]<\/p>\n<ul>\n<li><a href=\"https:\/\/www.ehu.eus\/es\/web\/berdintasuna-direccionparalaigualdad\/hizkera-inklusiboa-gida\" target=\"_blank\" rel=\"noopener\">\u00abManual lenguaje inclusivo\u00bb<\/a><\/li>\n<li><a href=\"https:\/\/www.emakunde.euskadi.eus\/contenidos\/informacion\/publicaciones_guias2\/es_emakunde\/adjuntos\/eusk_gida_eu.pdf\" target=\"_blank\" rel=\"noopener\">\u00abEuskararen erabilera ez sexista\u00bb<\/a><\/li>\n<li><a href=\"https:\/\/www.emakunde.euskadi.eus\/contenidos\/informacion\/publicaciones_guias2\/es_emakunde\/adjuntos\/guia_lenguaje_cultura_es.pdf\" target=\"_blank\" rel=\"noopener\">Gu\u00eda de lenguaje para el \u00e1mbito de la cultura\u00bb<\/a><\/li>\n<li><a href=\"https:\/\/www.emakunde.euskadi.eus\/contenidos\/informacion\/publicaciones_guias2\/es_emakunde\/adjuntos\/guia_lenguaje_deport_es.pdf\" target=\"_blank\" rel=\"noopener\">\u00abGu\u00eda de lenguaje para el \u00e1mbito del deporte\u00bb<\/a><\/li>\n<li><a href=\"https:\/\/www.emakunde.euskadi.eus\/contenidos\/informacion\/publicaciones_guias2\/es_emakunde\/adjuntos\/guia_lenguaje_laboral.pdf\" target=\"_blank\" rel=\"noopener\">\u00abGu\u00eda del lenguaje en el \u00e1mbito de la empresa y el trabajo\u00bb<\/a><\/li>\n<li><a href=\"https:\/\/www.igualdadenlaempresa.es\/asesoramiento\/herramientas\/apoyo\/docs\/Kit_03_Comunicacion_Incluyente.pdf\" target=\"_blank\" rel=\"noopener\">\u00abGu\u00eda pr\u00e1ctica de comunicaci\u00f3n incluyente\u00bb<\/a><\/li>\n<li><a href=\"https:\/\/www.igualdadenlaempresa.es\/asesoramiento\/herramientas\/apoyo\/docs\/ChecklistN5.pdf\" target=\"_blank\" rel=\"noopener\">\u00ab\u00bfLos procedimientos y mecanismos de comunicaci\u00f3n de mi empresa transmiten igualdad?\u00bb<\/a>\u00a0Cuestionario t\u00e9cnico y check- list<\/li>\n<li><a href=\"https:\/\/berdintasuna.euskaletxeak.eus\/wp-content\/uploads\/2024\/12\/Guia_de_coeducacion_2020_.pdf\" target=\"_blank\" rel=\"noopener\">\u201cEl lenguaje publicitario\u201d<\/a><\/li>\n<li><a href=\"https:\/\/berdintasuna.euskaletxeak.eus\/wp-content\/uploads\/2024\/12\/lenguaje_no_sexista_es.pdf\" target=\"_blank\" rel=\"noopener\">\u201cBuenas pr\u00e1cticas para una comunicaci\u00f3n no sexista\u201d<\/a><\/li>\n<li><a href=\"https:\/\/berdintasuna.euskaletxeak.eus\/wp-content\/uploads\/2024\/12\/informe.38.presencia.mujeres.comunicacion.pdf\" target=\"_blank\" rel=\"noopener\">\u201cLas mujeres y su proyecci\u00f3n en los medios de comunicaci\u00f3n\u201d<\/a><\/li>\n<li><a href=\"https:\/\/berdintasuna.euskaletxeak.eus\/wp-content\/uploads\/2024\/12\/Estudio-sobre-la-percepcion-publicidad-sexista-en-adolescentes-EMAKUNDE.pdf\" target=\"_blank\" rel=\"noopener\">\u201cPublicidad y g\u00e9nero. Los estereotipos de la mujer en la publicidad\u201c<\/a><\/li>\n<li><a href=\"https:\/\/berdintasuna.euskaletxeak.eus\/wp-content\/uploads\/2024\/12\/Guiaslenguajenosexista_inmujer.pdf\" target=\"_blank\" rel=\"noopener\">\u201cEl uso no sexista de la lengua; c\u00f3mo comunicarnos de manera no sexista\u201d<\/a><\/li>\n<li>\u201cComunicaci\u00f3n externa con perspectiva de g\u00e9nero: un valor estrat\u00e9gico e imprescindible en nuestras entidades\u201d<\/li>\n<li><a href=\"https:\/\/berdintasuna.euskaletxeak.eus\/wp-content\/uploads\/2024\/12\/Representacion-de-los-modelos-socio-sexuales-en-los-medios-audiovisuales.pdf\" target=\"_blank\" rel=\"noopener\">\u201cEl sexismo en los medios audiovisuales\u201d<\/a><\/li>\n<\/ul>\n<p>[\/vc_column_text][\/vc_column][\/vc_row][vc_row full_width=\u00bbstretch_row\u00bb gap=\u00bb20&#8243;][vc_column width=\u00bb1\/2&#8243;][vc_row_inner el_id=\u00bbtematicas2&#8243;][vc_column_inner width=\u00bb1\/6&#8243;][vc_single_image image=\u00bb3830&#8243; img_size=\u00bb50&#215;50&#8243; css=\u00bb.vc_custom_1728558251399{margin-top: 0px !important;margin-bottom: 0px !important;margin-left: 10px !important;padding-top: 10px !important;padding-bottom: 10px !important;}\u00bb][\/vc_column_inner][vc_column_inner width=\u00bb5\/6&#8243;][vc_column_text css=\u00bb.vc_custom_1728558341067{margin-top: 20px !important;margin-bottom: 0px !important;padding-top: 0px !important;padding-bottom: 0px !important;}\u00bb]<\/p>\n<h3>Otros materiales<\/h3>\n<p>[\/vc_column_text][\/vc_column_inner][\/vc_row_inner][vc_column_text css=\u00bb.vc_custom_1732005090801{margin-top: 0px !important;margin-right: -15px !important;margin-bottom: 0px !important;margin-left: -15px !important;padding-top: 20px !important;padding-right: 2px !important;padding-bottom: 20px !important;padding-left: 30px !important;background-color: #eeeeee !important;}\u00bb]<\/p>\n<ul>\n<li><a href=\"https:\/\/www.un.org\/es\/gender-inclusive-language\/guidelines.shtml\" target=\"_blank\" rel=\"noopener\">Orientaciones para el empleo de un lenguaje inclusivo en cuanto al g\u00e9nero en espa\u00f1ol<\/a><\/li>\n<li><a href=\"https:\/\/www.un.org\/es\/gender-inclusive-language\/toolbox.shtml\" target=\"_blank\" rel=\"noopener\">Actividades y recursos Naciones Unidas<\/a><\/li>\n<li><a href=\"https:\/\/www.cultura.gob.cl\/guias-lenguaje-inclusivo\/\" target=\"_blank\" rel=\"noopener\">Gu\u00eda del lenguaje inclusivo. Chile<\/a><\/li>\n<li><a href=\"https:\/\/www.inmujeres.gob.es\/servRecursos\/formacion\/GuiasLengNoSexista\/docs\/Guiaslenguajenosexista_.pdf\" target=\"_blank\" rel=\"noopener\">Gu\u00eda para el lenguaje no sexista. Espa\u00f1a<\/a><\/li>\n<li><a href=\"https:\/\/www.youtube.com\/watch?v=zHQVIsY3Wvs\">Recurso: \u00bfqu\u00e9 es el lenguaje inclusivo?<\/a><\/li>\n<\/ul>\n<p>[\/vc_column_text][\/vc_column][vc_column width=\u00bb1\/2&#8243;][vc_row_inner el_id=\u00bbtematicas2&#8243;][vc_column_inner width=\u00bb1\/6&#8243;][vc_single_image image=\u00bb3834&#8243; img_size=\u00bb50&#215;50&#8243; css=\u00bb.vc_custom_1732005625528{margin-top: 0px !important;margin-bottom: 0px !important;margin-left: 10px !important;padding-top: 10px !important;padding-bottom: 10px !important;}\u00bb][\/vc_column_inner][vc_column_inner width=\u00bb5\/6&#8243;][vc_column_text css=\u00bb.vc_custom_1728558394595{margin-top: 20px !important;margin-bottom: 0px !important;padding-top: 0px !important;padding-bottom: 0px !important;}\u00bb]<\/p>\n<h3>Pel\u00edculas a trabajar en formato V\u00eddeo Forum<\/h3>\n<p>[\/vc_column_text][\/vc_column_inner][\/vc_row_inner][vc_column_text css=\u00bb.vc_custom_1732005090801{margin-top: 0px !important;margin-right: -15px !important;margin-bottom: 0px !important;margin-left: -15px !important;padding-top: 20px !important;padding-right: 2px !important;padding-bottom: 20px !important;padding-left: 30px !important;background-color: #eeeeee !important;}\u00bb]<\/p>\n<ul>\n<li><a href=\"https:\/\/www.un.org\/es\/gender-inclusive-language\/guidelines.shtml\" target=\"_blank\" rel=\"noopener\">Orientaciones para el empleo de un lenguaje inclusivo en cuanto al g\u00e9nero en espa\u00f1ol<\/a><\/li>\n<li><a href=\"https:\/\/www.un.org\/es\/gender-inclusive-language\/toolbox.shtml\" target=\"_blank\" rel=\"noopener\">Actividades y recursos Naciones Unidas<\/a><\/li>\n<li><a href=\"https:\/\/www.cultura.gob.cl\/guias-lenguaje-inclusivo\/\" target=\"_blank\" rel=\"noopener\">Gu\u00eda del lenguaje inclusivo. Chile<\/a><\/li>\n<li><a href=\"https:\/\/www.inmujeres.gob.es\/servRecursos\/formacion\/GuiasLengNoSexista\/docs\/Guiaslenguajenosexista_.pdf\" target=\"_blank\" rel=\"noopener\">Gu\u00eda para el lenguaje no sexista. Espa\u00f1a<\/a><\/li>\n<li><a href=\"https:\/\/www.youtube.com\/watch?v=zHQVIsY3Wvs\">Recurso: \u00bfqu\u00e9 es el lenguaje inclusivo?<\/a><\/li>\n<\/ul>\n<p>[\/vc_column_text][\/vc_column][\/vc_row]<\/p>\n<\/div>","protected":false},"excerpt":{"rendered":"<p>[vc_row el_id=\u00bbtematicas\u00bb css=\u00bb.vc_custom_1728553382450{margin-bottom: 20px !important;}\u00bb][vc_column width=\u00bb1\/12&#8243; css=\u00bb.vc_custom_1728551860595{margin-top: 0px !important;margin-bottom: 0px !important;padding-top: 0px !important;padding-bottom: 0px !important;}\u00bb][vc_single_image image=\u00bb3840&#8243; img_size=\u00bb50&#215;50&#8243; css=\u00bb.vc_custom_1728553852047{margin-top: 0px !important;margin-bottom: 0px !important;margin-left: 10px !important;padding-top: 10px !important;padding-bottom:<span class=\"excerpt-hellip\"> [\u2026]<\/span><\/p>\n","protected":false},"author":5,"featured_media":0,"parent":640,"menu_order":0,"comment_status":"closed","ping_status":"closed","template":"","meta":{"footnotes":""},"categories":[],"tags":[],"class_list":["post-3871","page","type-page","status-publish","hentry"],"_links":{"self":[{"href":"https:\/\/berdintasuna.euskaletxeak.eus\/es\/wp-json\/wp\/v2\/pages\/3871","targetHints":{"allow":["GET"]}}],"collection":[{"href":"https:\/\/berdintasuna.euskaletxeak.eus\/es\/wp-json\/wp\/v2\/pages"}],"about":[{"href":"https:\/\/berdintasuna.euskaletxeak.eus\/es\/wp-json\/wp\/v2\/types\/page"}],"author":[{"embeddable":true,"href":"https:\/\/berdintasuna.euskaletxeak.eus\/es\/wp-json\/wp\/v2\/users\/5"}],"replies":[{"embeddable":true,"href":"https:\/\/berdintasuna.euskaletxeak.eus\/es\/wp-json\/wp\/v2\/comments?post=3871"}],"version-history":[{"count":18,"href":"https:\/\/berdintasuna.euskaletxeak.eus\/es\/wp-json\/wp\/v2\/pages\/3871\/revisions"}],"predecessor-version":[{"id":4758,"href":"https:\/\/berdintasuna.euskaletxeak.eus\/es\/wp-json\/wp\/v2\/pages\/3871\/revisions\/4758"}],"up":[{"embeddable":true,"href":"https:\/\/berdintasuna.euskaletxeak.eus\/es\/wp-json\/wp\/v2\/pages\/640"}],"wp:attachment":[{"href":"https:\/\/berdintasuna.euskaletxeak.eus\/es\/wp-json\/wp\/v2\/media?parent=3871"}],"wp:term":[{"taxonomy":"category","embeddable":true,"href":"https:\/\/berdintasuna.euskaletxeak.eus\/es\/wp-json\/wp\/v2\/categories?post=3871"},{"taxonomy":"post_tag","embeddable":true,"href":"https:\/\/berdintasuna.euskaletxeak.eus\/es\/wp-json\/wp\/v2\/tags?post=3871"}],"curies":[{"name":"wp","href":"https:\/\/api.w.org\/{rel}","templated":true}]}}