{"id":3873,"date":"2024-10-10T12:11:12","date_gmt":"2024-10-10T12:11:12","guid":{"rendered":"https:\/\/berdintasuna.euskaletxeak.eus\/?page_id=3873"},"modified":"2024-12-20T09:41:19","modified_gmt":"2024-12-20T09:41:19","slug":"violencia-de-genero","status":"publish","type":"page","link":"https:\/\/berdintasuna.euskaletxeak.eus\/es\/actividades\/tematicas\/violencia-de-genero\/","title":{"rendered":"Violencia de G\u00e9nero"},"content":{"rendered":"<div class=\"wpb-content-wrapper\"><p>[vc_row el_id=\u00bbtematicas\u00bb css=\u00bb.vc_custom_1728553382450{margin-bottom: 20px !important;}\u00bb][vc_column width=\u00bb1\/12&#8243; css=\u00bb.vc_custom_1728551860595{margin-top: 0px !important;margin-bottom: 0px !important;padding-top: 0px !important;padding-bottom: 0px !important;}\u00bb][vc_single_image image=\u00bb3840&#8243; img_size=\u00bb50&#215;50&#8243; css=\u00bb.vc_custom_1728553852047{margin-top: 0px !important;margin-bottom: 0px !important;margin-left: 10px !important;padding-top: 10px !important;padding-bottom: 10px !important;}\u00bb][\/vc_column][vc_column width=\u00bb11\/12&#8243; css=\u00bb.vc_custom_1728551962862{margin-top: 0px !important;margin-bottom: 0px !important;padding-top: 0px !important;padding-bottom: 0px !important;}\u00bb][vc_column_text css=\u00bb.vc_custom_1728558402215{margin-top: 20px !important;margin-bottom: 0px !important;padding-top: 0px !important;padding-bottom: 0px !important;}\u00bb]<\/p>\n<h3>Temas a trabajar en formato Conferencia, Mesa redonda, Taller, Curso de Formaci\u00f3n o Jornada<\/h3>\n<p>[\/vc_column_text][\/vc_column][\/vc_row][vc_row full_width=\u00bbstretch_row\u00bb][vc_column css=\u00bb.vc_custom_1728561382560{margin-bottom: 15px !important;}\u00bb][vc_column_text]<\/p>\n<ul>\n<li><a href=\"https:\/\/berdintasuna.euskaletxeak.eus\/wp-content\/uploads\/2024\/12\/micromachismos.pdf\" target=\"_blank\" rel=\"noopener\">Micromachismos: la violencia invisible en la pareja<\/a><\/li>\n<li><a href=\"https:\/\/berdintasuna.euskaletxeak.eus\/wp-content\/uploads\/2024\/12\/empoderamiento.pdf\" target=\"_blank\" rel=\"noopener\">El empoderamiento de las mujeres como herramienta eficaz en la lucha por la eliminaci\u00f3n de la violencia de g\u00e9nero<\/a><\/li>\n<li><a href=\"https:\/\/berdintasuna.euskaletxeak.eus\/wp-content\/uploads\/2024\/12\/DoraSalesLIJ2020.pdf\" target=\"_blank\" rel=\"noopener\">Violencia simb\u00f3lica contra las mujeres: \u00bfqu\u00e9 cuentan los cuentos infantiles?<\/a><\/li>\n<li><a href=\"https:\/\/berdintasuna.euskaletxeak.eus\/wp-content\/uploads\/2024\/12\/Guia-Emakunde.pdf\" target=\"_blank\" rel=\"noopener\">C\u00f3mo avanzar hacia la erradicaci\u00f3n de la vg<\/a><\/li>\n<li><a href=\"https:\/\/berdintasuna.euskaletxeak.eus\/wp-content\/uploads\/2024\/12\/ContraLaViolenciaDeGenero.pdf\" target=\"_blank\" rel=\"noopener\">Iberviolencia de g\u00e9nero en el amor 3.0<\/a><\/li>\n<li><a href=\"https:\/\/berdintasuna.euskaletxeak.eus\/wp-content\/uploads\/2024\/12\/vg__mundorural.pdf\" target=\"_blank\" rel=\"noopener\">La problem\u00e1tica de la violencia de g\u00e9nero en las mujeres en el \u00e1mbito rural<\/a><\/li>\n<li><a href=\"https:\/\/berdintasuna.euskaletxeak.eus\/wp-content\/uploads\/2024\/12\/Aspectos-Juridicos-de-la-Violencia-de-Genero.-Evolucion.pdf\" target=\"_blank\" rel=\"noopener\">\u00bfEs suficientemente eficaz la normativa jur\u00eddica actual en materia de eliminaci\u00f3n de la violencia contra las mujeres?<\/a><\/li>\n<li><a href=\"https:\/\/berdintasuna.euskaletxeak.eus\/wp-content\/uploads\/2024\/12\/ManualUPVMediosViolenciaMachista.pdf\" target=\"_blank\" rel=\"noopener\">Los medios de comunicaci\u00f3n como agentes activos en la lucha por la eliminaci\u00f3n de la violencia de g\u00e9nero<\/a><\/li>\n<li><a href=\"https:\/\/berdintasuna.euskaletxeak.eus\/wp-content\/uploads\/2024\/12\/la_prostitucion_como_forma_de_violencia_de_genero.pdf\" target=\"_blank\" rel=\"noopener\">La prostituci\u00f3n: \u00bfuna forma m\u00e1s de violencia contra las mujeres?\u201d<\/a><\/li>\n<li><a href=\"https:\/\/berdintasuna.euskaletxeak.eus\/wp-content\/uploads\/2024\/12\/cuadren_estu126.pdf\" target=\"_blank\" rel=\"noopener\">Diversos enfoques de la violencia contra las mujeres: jur\u00eddico, psicol\u00f3gico y policial<\/a><\/li>\n<li>Violencia contra las mujeres, un an\u00e1lisis multidisciplinar: de la intervenci\u00f3n con las v\u00edctimas a la prevenci\u00f3n en los medios de comunicaci\u00f3n<\/li>\n<li><a href=\"https:\/\/berdintasuna.euskaletxeak.eus\/wp-content\/uploads\/2024\/12\/jornada.03.ponencia.Maria_.Naredo.pdf\" target=\"_blank\" rel=\"noopener\">Mujeres migrantes ante la violencia de g\u00e9nero<\/a><\/li>\n<li><a href=\"https:\/\/berdintasuna.euskaletxeak.eus\/wp-content\/uploads\/2024\/12\/Plan_nacional_sensibilizacion_prevencion_violencia_genero.pdf\" target=\"_blank\" rel=\"noopener\">La lucha de las mujeres frente a la violecia de g\u00e9nero<\/a><\/li>\n<li><a href=\"https:\/\/berdintasuna.euskaletxeak.eus\/wp-content\/uploads\/2024\/12\/La-violencia-de-genero-como-problematica-social-una-aproximacion-desde-el-Analisis-Critico-Discursivo.pdf\" target=\"_blank\" rel=\"noopener\">La sociedad ante la violencia de g\u00e9nero. diversas perspectivas<\/a><\/li>\n<li><a href=\"https:\/\/berdintasuna.euskaletxeak.eus\/wp-content\/uploads\/2024\/12\/TFG-L1189.pdf\" target=\"_blank\" rel=\"noopener\">La prevenci\u00f3n de la violencia de g\u00e9nero en el trabajo con j\u00f3venes<\/a><\/li>\n<li><a href=\"https:\/\/berdintasuna.euskaletxeak.eus\/wp-content\/uploads\/2024\/12\/guia_masculinidad_cas.pdf\" target=\"_blank\" rel=\"noopener\">El empoderamiento y las nuevas masculinidades como elementos<\/a><\/li>\n<li><a href=\"https:\/\/berdintasuna.euskaletxeak.eus\/wp-content\/uploads\/2024\/12\/EEVM_LF.pdf\" target=\"_blank\" rel=\"noopener\">Eficaces en la lucha por la eliminaci\u00f3n de la violencia de g\u00e9nero<\/a><\/li>\n<li><a href=\"https:\/\/berdintasuna.euskaletxeak.eus\/wp-content\/uploads\/2024\/12\/Dialnet-AspectosPsicologicosDeLaViolenciaDeGenero-2518096.pdf\" target=\"_blank\" rel=\"noopener\">Aspectos psicol\u00f3gicos de la violencia contra las mujeres<\/a><\/li>\n<li><a href=\"https:\/\/berdintasuna.euskaletxeak.eus\/wp-content\/uploads\/2024\/12\/179818049005.pdf\" target=\"_blank\" rel=\"noopener\">\u00bfExiste un perfil de la mujer maltratada y del hombre maltratador?<\/a><\/li>\n<li><a href=\"https:\/\/berdintasuna.euskaletxeak.eus\/wp-content\/uploads\/2024\/12\/Garcia-Vazquez-Olaya.pdf\" target=\"_blank\" rel=\"noopener\">El amor rom\u00e1ntico. la trampa emocional de las mujeres\u201d<\/a><\/li>\n<li><a href=\"https:\/\/berdintasuna.euskaletxeak.eus\/wp-content\/uploads\/2024\/12\/Guia-para-trabajar-el-tema-del-BUEN-TRATO-con-ninos-y-ninas.pdf\" target=\"_blank\" rel=\"noopener\">Talleres por los buenos tratos<\/a><\/li>\n<li>Autodefensa f\u00edsica y emocional<\/li>\n<li><a href=\"https:\/\/berdintasuna.euskaletxeak.eus\/wp-content\/uploads\/2024\/12\/1447.pdf\" target=\"_blank\" rel=\"noopener\">El impacto de la violencia de g\u00e9nero en la maternidad<\/a><\/li>\n<\/ul>\n<p>[\/vc_column_text][\/vc_column][\/vc_row][vc_row full_width=\u00bbstretch_row\u00bb gap=\u00bb20&#8243;][vc_column width=\u00bb1\/2&#8243;][vc_row_inner el_id=\u00bbtematicas2&#8243;][vc_column_inner width=\u00bb1\/6&#8243;][vc_single_image image=\u00bb3830&#8243; img_size=\u00bb50&#215;50&#8243; css=\u00bb.vc_custom_1728558251399{margin-top: 0px !important;margin-bottom: 0px !important;margin-left: 10px !important;padding-top: 10px !important;padding-bottom: 10px !important;}\u00bb][\/vc_column_inner][vc_column_inner width=\u00bb5\/6&#8243;][vc_column_text css=\u00bb.vc_custom_1728558341067{margin-top: 20px !important;margin-bottom: 0px !important;padding-top: 0px !important;padding-bottom: 0px !important;}\u00bb]<\/p>\n<h3>Otros materiales<\/h3>\n<p>[\/vc_column_text][\/vc_column_inner][\/vc_row_inner][vc_column_text css=\u00bb.vc_custom_1732268677753{margin-top: 0px !important;margin-right: -15px !important;margin-bottom: 0px !important;margin-left: -15px !important;padding-top: 20px !important;padding-right: 2px !important;padding-bottom: 20px !important;padding-left: 30px !important;background-color: #eeeeee !important;}\u00bb]<\/p>\n<ul>\n<li><a href=\"https:\/\/elorienta.com\/ulloa\/index.php?id=viomujer25n\" target=\"_blank\" rel=\"noopener\">Actividades para el 25N. Eliminaci\u00f3n de la violencia contra la mujer.<\/a><\/li>\n<li><a href=\"https:\/\/www.youtube.com\/watch?v=uBw8_jTxvIw&amp;t=11s\" target=\"_blank\" rel=\"noopener\">Campa\u00f1a. Practica los Buenos Tratos<\/a><\/li>\n<li><a href=\"http:\/\/coeducacion.es\/recursos-coeducativos\/videos-y-multimedia\/\" target=\"_blank\" rel=\"noopener\">Cortando con la violencia sexual<\/a><\/li>\n<li><a href=\"http:\/\/coeducacion.es\/recursos-coeducativos\/videos-y-multimedia\/\" target=\"_blank\" rel=\"noopener\">Campa\u00f1a sensibilizaci\u00f3n violencia sexual<\/a><\/li>\n<li><a href=\"https:\/\/violenciagenero.igualdad.gob.es\/wp-content\/uploads\/Pilladaporti_castellano.pdf\" target=\"_blank\" rel=\"noopener\">Comic \u201cPillada por ti\u201d<\/a><\/li>\n<li><a href=\"https:\/\/carei.es\/wp-content\/uploads\/150-canciones-para-trabajar-la-prevenci%c3%b3n-de-la-violencia-de-g%c3%a9nero-en-el-marco-educativo-AYUNTAMIENTO-DE-VALENCIA.pdf\" target=\"_blank\" rel=\"noopener\">150 canciones para trabajar la violencia de g\u00e9nero<\/a><\/li>\n<li><a href=\"https:\/\/carei.es\/wp-content\/uploads\/arturo_clementinaI.pdf\" target=\"_blank\" rel=\"noopener\">Cuento Arturo y Clementina<\/a><\/li>\n<li><a href=\"https:\/\/carei.es\/wp-content\/uploads\/Buen_amor_Tutoria_Amores-Primaria.pdf\" target=\"_blank\" rel=\"noopener\">En busca del buen amor<\/a><\/li>\n<li><a href=\"https:\/\/www.educaciontrespuntocero.com\/recursos\/dia-contra-la-violencia-de-genero\/\" target=\"_blank\" rel=\"noopener\">Prevenir la violencia de g\u00e9nero. Orientaciones para el profesorado<\/a><\/li>\n<li><a href=\"https:\/\/www.educaciontrespuntocero.com\/recursos\/dia-contra-la-violencia-de-genero\/\" target=\"_blank\" rel=\"noopener\">Buenos tratos. Prevenci\u00f3n de la violencia machista<\/a><\/li>\n<li><a href=\"https:\/\/conrecursos.org\/profesorado\/accion-tutorial\/prevencion-accion-tutorial\/prevencion-de-la-violencia-de-genero-2\/\" target=\"_blank\" rel=\"noopener\">Prevenci\u00f3n de la violencia de g\u00e9nero en el aula<\/a><\/li>\n<\/ul>\n<p>[\/vc_column_text][\/vc_column][vc_column width=\u00bb1\/2&#8243;][vc_row_inner el_id=\u00bbtematicas2&#8243;][vc_column_inner width=\u00bb1\/6&#8243;][vc_single_image image=\u00bb3834&#8243; img_size=\u00bb50&#215;50&#8243; css=\u00bb.vc_custom_1732005625528{margin-top: 0px !important;margin-bottom: 0px !important;margin-left: 10px !important;padding-top: 10px !important;padding-bottom: 10px !important;}\u00bb][\/vc_column_inner][vc_column_inner width=\u00bb5\/6&#8243;][vc_column_text css=\u00bb.vc_custom_1728558394595{margin-top: 20px !important;margin-bottom: 0px !important;padding-top: 0px !important;padding-bottom: 0px !important;}\u00bb]<\/p>\n<h3>Pel\u00edculas a trabajar en formato V\u00eddeo Forum<\/h3>\n<p>[\/vc_column_text][\/vc_column_inner][\/vc_row_inner][vc_row_inner css=\u00bb.vc_custom_1728569259559{background-color: #eeeeee !important;}\u00bb][vc_column_inner width=\u00bb1\/2&#8243; css=\u00bb.vc_custom_1728569380125{padding-top: 0px !important;}\u00bb][vc_column_text css=\u00bb.vc_custom_1733390115819{margin-top: 0px !important;margin-right: -15px !important;margin-bottom: 0px !important;margin-left: -15px !important;padding-top: 20px !important;padding-right: 2px !important;padding-bottom: 20px !important;padding-left: 30px !important;background-color: #eeeeee !important;}\u00bb]<\/p>\n<ul>\n<li>Mujeres en construcci\u00f3n<\/li>\n<li>Las 13 rosas<\/li>\n<li>Gett, el divorcio de viviane amsalen<\/li>\n<li>Cada 30 horas<\/li>\n<li>Te doy mis ojos<\/li>\n<li>Vestido de novia<\/li>\n<li>La vida secreta de las palabras<\/li>\n<li>Frozen river<\/li>\n<li>Agua<\/li>\n<li>4 meses, 3 semanas, 2 d\u00edas<\/li>\n<li>Cicatrices<\/li>\n<li>En tierra de hombres<\/li>\n<li>Ciudad del silencio<\/li>\n<li>Mustang<\/li>\n<\/ul>\n<p>[\/vc_column_text][\/vc_column_inner][vc_column_inner width=\u00bb1\/2&#8243; css=\u00bb.vc_custom_1728569419093{padding-top: 0px !important;}\u00bb][vc_column_text css=\u00bb.vc_custom_1731924465528{margin-top: 0px !important;margin-right: -15px !important;margin-bottom: 0px !important;margin-left: -15px !important;padding-top: 20px !important;padding-right: 2px !important;padding-bottom: 20px !important;padding-left: 30px !important;background-color: #eeeeee !important;}\u00bb]<\/p>\n<ul>\n<li>Anatomy of violence<\/li>\n<li>Volar<\/li>\n<li>Arenas de silencio<\/li>\n<li>Mariana<\/li>\n<li>\u00bfY tu qu\u00e9?<\/li>\n<li>Gleencree<\/li>\n<li>Au bout de la rue<\/li>\n<li>Mariposas en el hierro<\/li>\n<li>\u00c9l nunca me peg\u00f3<\/li>\n<li>Tempestad<\/li>\n<li>Duma<\/li>\n<li>Nevenka<\/li>\n<\/ul>\n<p>[\/vc_column_text][\/vc_column_inner][\/vc_row_inner][\/vc_column][\/vc_row]<\/p>\n<\/div>","protected":false},"excerpt":{"rendered":"<p>[vc_row el_id=\u00bbtematicas\u00bb css=\u00bb.vc_custom_1728553382450{margin-bottom: 20px !important;}\u00bb][vc_column width=\u00bb1\/12&#8243; css=\u00bb.vc_custom_1728551860595{margin-top: 0px !important;margin-bottom: 0px !important;padding-top: 0px !important;padding-bottom: 0px !important;}\u00bb][vc_single_image image=\u00bb3840&#8243; img_size=\u00bb50&#215;50&#8243; css=\u00bb.vc_custom_1728553852047{margin-top: 0px !important;margin-bottom: 0px !important;margin-left: 10px !important;padding-top: 10px !important;padding-bottom:<span class=\"excerpt-hellip\"> [\u2026]<\/span><\/p>\n","protected":false},"author":5,"featured_media":0,"parent":640,"menu_order":0,"comment_status":"closed","ping_status":"closed","template":"","meta":{"footnotes":""},"categories":[],"tags":[],"class_list":["post-3873","page","type-page","status-publish","hentry"],"_links":{"self":[{"href":"https:\/\/berdintasuna.euskaletxeak.eus\/es\/wp-json\/wp\/v2\/pages\/3873","targetHints":{"allow":["GET"]}}],"collection":[{"href":"https:\/\/berdintasuna.euskaletxeak.eus\/es\/wp-json\/wp\/v2\/pages"}],"about":[{"href":"https:\/\/berdintasuna.euskaletxeak.eus\/es\/wp-json\/wp\/v2\/types\/page"}],"author":[{"embeddable":true,"href":"https:\/\/berdintasuna.euskaletxeak.eus\/es\/wp-json\/wp\/v2\/users\/5"}],"replies":[{"embeddable":true,"href":"https:\/\/berdintasuna.euskaletxeak.eus\/es\/wp-json\/wp\/v2\/comments?post=3873"}],"version-history":[{"count":31,"href":"https:\/\/berdintasuna.euskaletxeak.eus\/es\/wp-json\/wp\/v2\/pages\/3873\/revisions"}],"predecessor-version":[{"id":4576,"href":"https:\/\/berdintasuna.euskaletxeak.eus\/es\/wp-json\/wp\/v2\/pages\/3873\/revisions\/4576"}],"up":[{"embeddable":true,"href":"https:\/\/berdintasuna.euskaletxeak.eus\/es\/wp-json\/wp\/v2\/pages\/640"}],"wp:attachment":[{"href":"https:\/\/berdintasuna.euskaletxeak.eus\/es\/wp-json\/wp\/v2\/media?parent=3873"}],"wp:term":[{"taxonomy":"category","embeddable":true,"href":"https:\/\/berdintasuna.euskaletxeak.eus\/es\/wp-json\/wp\/v2\/categories?post=3873"},{"taxonomy":"post_tag","embeddable":true,"href":"https:\/\/berdintasuna.euskaletxeak.eus\/es\/wp-json\/wp\/v2\/tags?post=3873"}],"curies":[{"name":"wp","href":"https:\/\/api.w.org\/{rel}","templated":true}]}}