{"id":3881,"date":"2024-10-14T10:55:32","date_gmt":"2024-10-14T10:55:32","guid":{"rendered":"https:\/\/berdintasuna.euskaletxeak.eus\/?page_id=3881"},"modified":"2024-12-23T09:52:26","modified_gmt":"2024-12-23T09:52:26","slug":"masculinidades","status":"publish","type":"page","link":"https:\/\/berdintasuna.euskaletxeak.eus\/es\/actividades\/tematicas\/masculinidades\/","title":{"rendered":"Masculinidades"},"content":{"rendered":"<div class=\"wpb-content-wrapper\"><p>[vc_row el_id=\u00bbtematicas\u00bb css=\u00bb.vc_custom_1728553382450{margin-bottom: 20px !important;}\u00bb][vc_column width=\u00bb1\/12&#8243; css=\u00bb.vc_custom_1728551860595{margin-top: 0px !important;margin-bottom: 0px !important;padding-top: 0px !important;padding-bottom: 0px !important;}\u00bb][vc_single_image image=\u00bb3840&#8243; img_size=\u00bb50&#215;50&#8243; css=\u00bb.vc_custom_1728553852047{margin-top: 0px !important;margin-bottom: 0px !important;margin-left: 10px !important;padding-top: 10px !important;padding-bottom: 10px !important;}\u00bb][\/vc_column][vc_column width=\u00bb11\/12&#8243; css=\u00bb.vc_custom_1728551962862{margin-top: 0px !important;margin-bottom: 0px !important;padding-top: 0px !important;padding-bottom: 0px !important;}\u00bb][vc_column_text css=\u00bb.vc_custom_1728558402215{margin-top: 20px !important;margin-bottom: 0px !important;padding-top: 0px !important;padding-bottom: 0px !important;}\u00bb]<\/p>\n<h3>Temas a trabajar en formato Conferencia, Mesa redonda, Taller, Curso de Formaci\u00f3n o Jornada<\/h3>\n<p>[\/vc_column_text][\/vc_column][\/vc_row][vc_row full_width=\u00bbstretch_row\u00bb][vc_column css=\u00bb.vc_custom_1728561382560{margin-bottom: 15px !important;}\u00bb][vc_column_text]<\/p>\n<ul>\n<li><a href=\"https:\/\/berdintasuna.euskaletxeak.eus\/wp-content\/uploads\/2024\/12\/folleto_gizonduz_2022.pdf\" target=\"_blank\" rel=\"noopener\">Cursos gizonduz<\/a><\/li>\n<li><a href=\"https:\/\/berdintasuna.euskaletxeak.eus\/wp-content\/uploads\/2024\/12\/v22n44a10.pdf\" target=\"_blank\" rel=\"noopener\">Desigualdades sociales de mujeres y hombres<\/a><\/li>\n<li><a href=\"https:\/\/berdintasuna.euskaletxeak.eus\/wp-content\/uploads\/2024\/12\/Representaciones_sociales_de_masculinidad_un_proce.pdf\" target=\"_blank\" rel=\"noopener\">Procesos de socializaci\u00f3n de las identidades masculinas<\/a><\/li>\n<li><a href=\"https:\/\/berdintasuna.euskaletxeak.eus\/wp-content\/uploads\/2024\/12\/guia_masculinidad_cas-1.pdf\" target=\"_blank\" rel=\"noopener\">Hombres, poder y masculinidades<\/a><\/li>\n<li><a href=\"https:\/\/berdintasuna.euskaletxeak.eus\/wp-content\/uploads\/2024\/12\/material_masculinidades_0520.pdf\" target=\"_blank\" rel=\"noopener\">Los hombres ante la igualdad: cambios y resistencias<\/a><\/li>\n<li><a href=\"https:\/\/berdintasuna.euskaletxeak.eus\/wp-content\/uploads\/2024\/12\/Cuadernillo-para-reflexionar-sobre-la-construccio\u0301n-de-las-masculinidades.pdf\" target=\"_blank\" rel=\"noopener\">Mitos sobre las nuevas masculinidades<\/a><\/li>\n<li><a href=\"https:\/\/berdintasuna.euskaletxeak.eus\/wp-content\/uploads\/2024\/12\/lamasculinidadcomoposicion.pdf\" target=\"_blank\" rel=\"noopener\">Econom\u00eda loca y socializaci\u00f3n de la masculinidad<\/a><\/li>\n<li><a href=\"https:\/\/berdintasuna.euskaletxeak.eus\/wp-content\/uploads\/2024\/12\/CAPGRACIELAMASCYVIOL.pdf\" target=\"_blank\" rel=\"noopener\">Masculinidades, poder y violencia<\/a><\/li>\n<\/ul>\n<p>[\/vc_column_text][\/vc_column][\/vc_row][vc_row full_width=\u00bbstretch_row\u00bb gap=\u00bb20&#8243;][vc_column width=\u00bb1\/2&#8243;][vc_row_inner el_id=\u00bbtematicas2&#8243;][vc_column_inner width=\u00bb1\/6&#8243;][vc_single_image image=\u00bb3830&#8243; img_size=\u00bb50&#215;50&#8243; css=\u00bb.vc_custom_1728558251399{margin-top: 0px !important;margin-bottom: 0px !important;margin-left: 10px !important;padding-top: 10px !important;padding-bottom: 10px !important;}\u00bb][\/vc_column_inner][vc_column_inner width=\u00bb5\/6&#8243;][vc_column_text css=\u00bb.vc_custom_1728558341067{margin-top: 20px !important;margin-bottom: 0px !important;padding-top: 0px !important;padding-bottom: 0px !important;}\u00bb]<\/p>\n<h3>Otros materiales<\/h3>\n<p>[\/vc_column_text][\/vc_column_inner][\/vc_row_inner][vc_column_text css=\u00bb.vc_custom_1728903325784{margin-top: 0px !important;margin-right: -15px !important;margin-bottom: 0px !important;margin-left: -15px !important;padding-top: 20px !important;padding-right: 2px !important;padding-bottom: 20px !important;padding-left: 30px !important;background-color: #eeeeee !important;}\u00bb]<a href=\"https:\/\/www.rtve.es\/play\/videos\/igual-es\/igual-ellos-tambien-hombres-trabajos-femeninos\/1075814\/\">\u2022 Ellos\u2026 tambi\u00e9n. Hombres en trabajos femeninos<\/a><br \/>\n<a href=\"https:\/\/www.inmujeres.gob.es\/publicacioneselectronicas\/documentacion\/Documentos\/DE1961.pdf\">\u2022 La caja de la masculinidad<\/a><br \/>\n<a href=\"https:\/\/lac.unwomen.org\/sites\/default\/files\/Field%20Office%20Americas\/Imagenes\/Paginas\/MELTY\/PILAR%204\/P4%2001%20-%20Curso%20SEMPRENDE\/P4%2001%20MODULO%202%20CURSO%20ONU_MUJERES_SENPRENDE%20BORRADOR.pdf\">\u2022 Nuevas masculinidades y su relaci\u00f3n con la autonom\u00eda econ\u00f3mica<\/a><br \/>\n<a href=\"https:\/\/www.emakunde.euskadi.eus\/contenidos\/informacion\/gizonduz_kanpainak\/es_def\/adjuntos\/guia_masculinidad_cas.pdf\">\u2022 Los hombres, la igualdad y las nuevas masculinidades<\/a>[\/vc_column_text][\/vc_column][vc_column width=\u00bb1\/2&#8243;][vc_row_inner el_id=\u00bbtematicas2&#8243;][vc_column_inner width=\u00bb1\/6&#8243;][vc_single_image image=\u00bb3834&#8243; img_size=\u00bb50&#215;50&#8243; css=\u00bb.vc_custom_1728560808430{margin-top: 0px !important;margin-bottom: 0px !important;margin-left: 10px !important;padding-top: 10px !important;padding-bottom: 10px !important;}\u00bb][\/vc_column_inner][vc_column_inner width=\u00bb5\/6&#8243;][vc_column_text css=\u00bb.vc_custom_1728558394595{margin-top: 20px !important;margin-bottom: 0px !important;padding-top: 0px !important;padding-bottom: 0px !important;}\u00bb]<\/p>\n<h3>Pel\u00edculas a trabajar en formato V\u00eddeo Forum<\/h3>\n<p>[\/vc_column_text][\/vc_column_inner][\/vc_row_inner][vc_column_text css=\u00bb.vc_custom_1732094746529{margin-top: 0px !important;margin-right: -15px !important;margin-bottom: 0px !important;margin-left: -15px !important;padding-top: 20px !important;padding-right: 2px !important;padding-bottom: 20px !important;padding-left: 30px !important;background-color: #eeeeee !important;}\u00bb]<\/p>\n<ul>\n<li>No soy hombre f\u00e1cil<\/li>\n<\/ul>\n<p>[\/vc_column_text][\/vc_column][\/vc_row]<\/p>\n<\/div>","protected":false},"excerpt":{"rendered":"<p>[vc_row el_id=\u00bbtematicas\u00bb css=\u00bb.vc_custom_1728553382450{margin-bottom: 20px !important;}\u00bb][vc_column width=\u00bb1\/12&#8243; css=\u00bb.vc_custom_1728551860595{margin-top: 0px !important;margin-bottom: 0px !important;padding-top: 0px !important;padding-bottom: 0px !important;}\u00bb][vc_single_image image=\u00bb3840&#8243; img_size=\u00bb50&#215;50&#8243; css=\u00bb.vc_custom_1728553852047{margin-top: 0px !important;margin-bottom: 0px !important;margin-left: 10px !important;padding-top: 10px !important;padding-bottom:<span class=\"excerpt-hellip\"> [\u2026]<\/span><\/p>\n","protected":false},"author":5,"featured_media":0,"parent":640,"menu_order":0,"comment_status":"closed","ping_status":"closed","template":"","meta":{"footnotes":""},"categories":[],"tags":[],"class_list":["post-3881","page","type-page","status-publish","hentry"],"_links":{"self":[{"href":"https:\/\/berdintasuna.euskaletxeak.eus\/es\/wp-json\/wp\/v2\/pages\/3881","targetHints":{"allow":["GET"]}}],"collection":[{"href":"https:\/\/berdintasuna.euskaletxeak.eus\/es\/wp-json\/wp\/v2\/pages"}],"about":[{"href":"https:\/\/berdintasuna.euskaletxeak.eus\/es\/wp-json\/wp\/v2\/types\/page"}],"author":[{"embeddable":true,"href":"https:\/\/berdintasuna.euskaletxeak.eus\/es\/wp-json\/wp\/v2\/users\/5"}],"replies":[{"embeddable":true,"href":"https:\/\/berdintasuna.euskaletxeak.eus\/es\/wp-json\/wp\/v2\/comments?post=3881"}],"version-history":[{"count":8,"href":"https:\/\/berdintasuna.euskaletxeak.eus\/es\/wp-json\/wp\/v2\/pages\/3881\/revisions"}],"predecessor-version":[{"id":4665,"href":"https:\/\/berdintasuna.euskaletxeak.eus\/es\/wp-json\/wp\/v2\/pages\/3881\/revisions\/4665"}],"up":[{"embeddable":true,"href":"https:\/\/berdintasuna.euskaletxeak.eus\/es\/wp-json\/wp\/v2\/pages\/640"}],"wp:attachment":[{"href":"https:\/\/berdintasuna.euskaletxeak.eus\/es\/wp-json\/wp\/v2\/media?parent=3881"}],"wp:term":[{"taxonomy":"category","embeddable":true,"href":"https:\/\/berdintasuna.euskaletxeak.eus\/es\/wp-json\/wp\/v2\/categories?post=3881"},{"taxonomy":"post_tag","embeddable":true,"href":"https:\/\/berdintasuna.euskaletxeak.eus\/es\/wp-json\/wp\/v2\/tags?post=3881"}],"curies":[{"name":"wp","href":"https:\/\/api.w.org\/{rel}","templated":true}]}}