{"id":3883,"date":"2024-10-14T11:17:05","date_gmt":"2024-10-14T11:17:05","guid":{"rendered":"https:\/\/berdintasuna.euskaletxeak.eus\/?page_id=3883"},"modified":"2025-01-07T08:37:39","modified_gmt":"2025-01-07T08:37:39","slug":"salud-y-mujeres","status":"publish","type":"page","link":"https:\/\/berdintasuna.euskaletxeak.eus\/es\/actividades\/tematicas\/salud-y-mujeres\/","title":{"rendered":"Salud y mujeres"},"content":{"rendered":"<div class=\"wpb-content-wrapper\"><p>[vc_row el_id=\u00bbtematicas\u00bb css=\u00bb.vc_custom_1728553382450{margin-bottom: 20px !important;}\u00bb][vc_column width=\u00bb1\/12&#8243; css=\u00bb.vc_custom_1728551860595{margin-top: 0px !important;margin-bottom: 0px !important;padding-top: 0px !important;padding-bottom: 0px !important;}\u00bb][vc_single_image image=\u00bb3840&#8243; img_size=\u00bb50&#215;50&#8243; css=\u00bb.vc_custom_1728553852047{margin-top: 0px !important;margin-bottom: 0px !important;margin-left: 10px !important;padding-top: 10px !important;padding-bottom: 10px !important;}\u00bb][\/vc_column][vc_column width=\u00bb11\/12&#8243; css=\u00bb.vc_custom_1728551962862{margin-top: 0px !important;margin-bottom: 0px !important;padding-top: 0px !important;padding-bottom: 0px !important;}\u00bb][vc_column_text css=\u00bb.vc_custom_1728558402215{margin-top: 20px !important;margin-bottom: 0px !important;padding-top: 0px !important;padding-bottom: 0px !important;}\u00bb]<\/p>\n<h3>Temas a trabajar en formato Conferencia, Mesa redonda, Taller, Curso de Formaci\u00f3n o Jornada<\/h3>\n<p>[\/vc_column_text][\/vc_column][\/vc_row][vc_row full_width=\u00bbstretch_row\u00bb][vc_column css=\u00bb.vc_custom_1728561382560{margin-bottom: 15px !important;}\u00bb][vc_column_text]<\/p>\n<ul>\n<li><a href=\"https:\/\/berdintasuna.euskaletxeak.eus\/wp-content\/uploads\/2024\/12\/DEA0379.pdf\" target=\"_blank\" rel=\"noopener\">\u201cLos efectos de la covid-19 sobre las mujeres y las ni\u00f1as\u201d<\/a><\/li>\n<li><a href=\"https:\/\/berdintasuna.euskaletxeak.eus\/wp-content\/uploads\/2024\/12\/IpasCAM2021-Tomo4-Digital.pdf\" target=\"_blank\" rel=\"noopener\">\u201cPor el ejercicio de los derechos sexuales y reproductivos\u201d<\/a><\/li>\n<li><a href=\"https:\/\/berdintasuna.euskaletxeak.eus\/wp-content\/uploads\/2024\/12\/1Mujeres_SaludTrabajo_Guia_enfoque_genero.pdf\" target=\"_blank\" rel=\"noopener\">\u201cLa salud laboral desde un enfoque de g\u00e9nero\u201d<\/a><\/li>\n<li><a href=\"https:\/\/berdintasuna.euskaletxeak.eus\/wp-content\/uploads\/2024\/12\/InMujer_es_Numero1_web.pdf\" target=\"_blank\" rel=\"noopener\">\u201cMujer y salud integral. Una perspectiva feminista\u201d<\/a><\/li>\n<li>\u201cEl papel del duelo terap\u00e9utico como proceso de empoderamiento personal\u201d<\/li>\n<li><a href=\"https:\/\/berdintasuna.euskaletxeak.eus\/wp-content\/uploads\/2024\/12\/rmq143a.pdf\" target=\"_blank\" rel=\"noopener\">\u201cLos ciclos vitales de las mujeres. La menopausia no es una enfermedad\u201d<\/a><\/li>\n<li><a href=\"https:\/\/berdintasuna.euskaletxeak.eus\/wp-content\/uploads\/2024\/12\/imi141f.pdf\" target=\"_blank\" rel=\"noopener\">\u201cLa histerectom\u00eda: \u00bfuna pr\u00e1ctica demasiado com\u00fan en ginecolog\u00eda?\u201d<\/a><\/li>\n<li><a href=\"https:\/\/berdintasuna.euskaletxeak.eus\/wp-content\/uploads\/2024\/12\/TC111817.pdf\" target=\"_blank\" rel=\"noopener\">\u201cLos trastornos de alimentaci\u00f3n y su relaci\u00f3n con la imagen corporal\u201d<\/a><\/li>\n<li><a href=\"https:\/\/berdintasuna.euskaletxeak.eus\/wp-content\/uploads\/2024\/12\/PadillaLeonMariana2014.pdf\" target=\"_blank\" rel=\"noopener\">\u201cLos problemas de salud de las mujeres cuidadoras\u201d<\/a><\/li>\n<li><a href=\"https:\/\/berdintasuna.euskaletxeak.eus\/wp-content\/uploads\/2024\/12\/52238.pdf\" target=\"_blank\" rel=\"noopener\">\u201cFibromialgia: el dolor y el malestar de las mujeres\u201d<\/a><\/li>\n<li>Propuesta actividades<\/li>\n<li>Salud y mujeres<\/li>\n<li><a href=\"https:\/\/berdintasuna.euskaletxeak.eus\/wp-content\/uploads\/2024\/12\/07-Emociones-alimentacion-SBernal-et-all.pdf\" target=\"_blank\" rel=\"noopener\">\u201cLa alimentaci\u00f3n y las emociones. Una mirada desde el g\u00e9nero\u201d<\/a><\/li>\n<li><a href=\"https:\/\/berdintasuna.euskaletxeak.eus\/wp-content\/uploads\/2024\/12\/1230643954_29920169337.pdf\" target=\"_blank\" rel=\"noopener\">\u201cLa sexualidad desde la ruptura con los estereotipos tradicionales. La importancia del suelo p\u00e9lvico\u201d<\/a><\/li>\n<li><a href=\"https:\/\/berdintasuna.euskaletxeak.eus\/wp-content\/uploads\/2024\/12\/Dialnet-CuerposYEmocionesEnMovimiento-8581179.pdf\" target=\"_blank\" rel=\"noopener\">\u201cDanza, cuerpo, emociones, una mirada desde el g\u00e9nero\u201d<\/a><\/li>\n<li><a href=\"https:\/\/berdintasuna.euskaletxeak.eus\/wp-content\/uploads\/2024\/12\/211101256.pdf\" target=\"_blank\" rel=\"noopener\">\u201cT\u00e9cnicas de relajaci\u00f3n y regulaci\u00f3n emocional para mujeres embarazadas\u201d<\/a><\/li>\n<li><a href=\"https:\/\/berdintasuna.euskaletxeak.eus\/wp-content\/uploads\/2024\/12\/Rojo_DeLaTorre_Sonia_TFG_Psicologa.pdf\" target=\"_blank\" rel=\"noopener\">\u201cLa risoterapia. Una herramienta para el empoderamiento emocional\u201d<\/a><\/li>\n<li><a href=\"https:\/\/berdintasuna.euskaletxeak.eus\/wp-content\/uploads\/2024\/12\/Rojo_DeLaTorre_Sonia_TFG_Psicologa-1.pdf\" target=\"_blank\" rel=\"noopener\">\u201cLos hombres y el cuidado. Aprender a cuidarse y cuidar\u201d<\/a><\/li>\n<li><a href=\"https:\/\/berdintasuna.euskaletxeak.eus\/wp-content\/uploads\/2024\/12\/20203246_mh0320445esn_pdf.pdf\" target=\"_blank\" rel=\"noopener\">\u201cLos cuidados y su impacto en las desigualdades de g\u00e9nero en salud\u201d<\/a><\/li>\n<\/ul>\n<p>[\/vc_column_text][\/vc_column][\/vc_row][vc_row full_width=\u00bbstretch_row\u00bb gap=\u00bb20&#8243;][vc_column width=\u00bb1\/2&#8243;][vc_row_inner el_id=\u00bbtematicas2&#8243;][vc_column_inner width=\u00bb1\/6&#8243;][vc_single_image image=\u00bb3830&#8243; img_size=\u00bb50&#215;50&#8243; css=\u00bb.vc_custom_1728558251399{margin-top: 0px !important;margin-bottom: 0px !important;margin-left: 10px !important;padding-top: 10px !important;padding-bottom: 10px !important;}\u00bb][\/vc_column_inner][vc_column_inner width=\u00bb5\/6&#8243;][vc_column_text css=\u00bb.vc_custom_1728558341067{margin-top: 20px !important;margin-bottom: 0px !important;padding-top: 0px !important;padding-bottom: 0px !important;}\u00bb]<\/p>\n<h3>Otros materiales<\/h3>\n<p>[\/vc_column_text][\/vc_column_inner][\/vc_row_inner][vc_column_text css=\u00bb.vc_custom_1736239041705{margin-top: 0px !important;margin-right: -15px !important;margin-bottom: 0px !important;margin-left: -15px !important;padding-top: 20px !important;padding-right: 2px !important;padding-bottom: 20px !important;padding-left: 30px !important;background-color: #eeeeee !important;}\u00bb]<\/p>\n<ul>\n<li><a href=\"https:\/\/www.who.int\/es\/news-room\/fact-sheets\/detail\/women-s-health\" target=\"_blank\" rel=\"noopener\">Salud de la mujer\u00a0<\/a><\/li>\n<li><a href=\"https:\/\/berdintasuna.euskaletxeak.eus\/wp-content\/uploads\/2025\/01\/LA-SITUACION-DE-LA-MUJER-Y-EL-LIDERAZGO-EN-LA-SANIDAD-MUNDIAL.pdf\" target=\"_blank\" rel=\"noopener\">La situaci\u00f3n de la mujer y el liderazgo en la sanidad mundial.<\/a><\/li>\n<li><a href=\"https:\/\/berdintasuna.euskaletxeak.eus\/wp-content\/uploads\/2025\/01\/InMujer_es_Numero1_web-1.pdf\" target=\"_blank\" rel=\"noopener\">Monograf\u00edas feministas, in mujeres<\/a><\/li>\n<li><a href=\"https:\/\/berdintasuna.euskaletxeak.eus\/wp-content\/uploads\/2025\/01\/DE0231-1.pdf\" target=\"_blank\" rel=\"noopener\">Genero y salud<\/a><\/li>\n<\/ul>\n<p>[\/vc_column_text][\/vc_column][vc_column width=\u00bb1\/2&#8243;][vc_row_inner el_id=\u00bbtematicas2&#8243;][vc_column_inner width=\u00bb1\/6&#8243;][vc_single_image image=\u00bb3834&#8243; img_size=\u00bb50&#215;50&#8243; css=\u00bb.vc_custom_1732005625528{margin-top: 0px !important;margin-bottom: 0px !important;margin-left: 10px !important;padding-top: 10px !important;padding-bottom: 10px !important;}\u00bb][\/vc_column_inner][vc_column_inner width=\u00bb5\/6&#8243;][vc_column_text css=\u00bb.vc_custom_1728558394595{margin-top: 20px !important;margin-bottom: 0px !important;padding-top: 0px !important;padding-bottom: 0px !important;}\u00bb]<\/p>\n<h3>Pel\u00edculas a trabajar en formato V\u00eddeo Forum<\/h3>\n<p>[\/vc_column_text][\/vc_column_inner][\/vc_row_inner][vc_column_text css=\u00bb.vc_custom_1728904621813{margin-top: 0px !important;margin-right: -15px !important;margin-bottom: 0px !important;margin-left: -15px !important;padding-top: 20px !important;padding-right: 2px !important;padding-bottom: 20px !important;padding-left: 30px !important;background-color: #eeeeee !important;}\u00bb]<\/p>\n<ul>\n<li>Vera drake<\/li>\n<li>4 meses, 3 semanas, 2 d\u00edas<\/li>\n<li>Las mujeres de verdad tienen curvas<\/li>\n<li>Princesas<\/li>\n<li>The piano<\/li>\n<li>Las hermanas de la magdalena<\/li>\n<li>Juno<\/li>\n<\/ul>\n<p>[\/vc_column_text][\/vc_column][\/vc_row]<\/p>\n<\/div>","protected":false},"excerpt":{"rendered":"<p>[vc_row el_id=\u00bbtematicas\u00bb css=\u00bb.vc_custom_1728553382450{margin-bottom: 20px !important;}\u00bb][vc_column width=\u00bb1\/12&#8243; css=\u00bb.vc_custom_1728551860595{margin-top: 0px !important;margin-bottom: 0px !important;padding-top: 0px !important;padding-bottom: 0px !important;}\u00bb][vc_single_image image=\u00bb3840&#8243; img_size=\u00bb50&#215;50&#8243; css=\u00bb.vc_custom_1728553852047{margin-top: 0px !important;margin-bottom: 0px !important;margin-left: 10px !important;padding-top: 10px !important;padding-bottom:<span class=\"excerpt-hellip\"> [\u2026]<\/span><\/p>\n","protected":false},"author":5,"featured_media":0,"parent":640,"menu_order":0,"comment_status":"closed","ping_status":"closed","template":"","meta":{"footnotes":""},"categories":[],"tags":[],"class_list":["post-3883","page","type-page","status-publish","hentry"],"_links":{"self":[{"href":"https:\/\/berdintasuna.euskaletxeak.eus\/es\/wp-json\/wp\/v2\/pages\/3883","targetHints":{"allow":["GET"]}}],"collection":[{"href":"https:\/\/berdintasuna.euskaletxeak.eus\/es\/wp-json\/wp\/v2\/pages"}],"about":[{"href":"https:\/\/berdintasuna.euskaletxeak.eus\/es\/wp-json\/wp\/v2\/types\/page"}],"author":[{"embeddable":true,"href":"https:\/\/berdintasuna.euskaletxeak.eus\/es\/wp-json\/wp\/v2\/users\/5"}],"replies":[{"embeddable":true,"href":"https:\/\/berdintasuna.euskaletxeak.eus\/es\/wp-json\/wp\/v2\/comments?post=3883"}],"version-history":[{"count":11,"href":"https:\/\/berdintasuna.euskaletxeak.eus\/es\/wp-json\/wp\/v2\/pages\/3883\/revisions"}],"predecessor-version":[{"id":4780,"href":"https:\/\/berdintasuna.euskaletxeak.eus\/es\/wp-json\/wp\/v2\/pages\/3883\/revisions\/4780"}],"up":[{"embeddable":true,"href":"https:\/\/berdintasuna.euskaletxeak.eus\/es\/wp-json\/wp\/v2\/pages\/640"}],"wp:attachment":[{"href":"https:\/\/berdintasuna.euskaletxeak.eus\/es\/wp-json\/wp\/v2\/media?parent=3883"}],"wp:term":[{"taxonomy":"category","embeddable":true,"href":"https:\/\/berdintasuna.euskaletxeak.eus\/es\/wp-json\/wp\/v2\/categories?post=3883"},{"taxonomy":"post_tag","embeddable":true,"href":"https:\/\/berdintasuna.euskaletxeak.eus\/es\/wp-json\/wp\/v2\/tags?post=3883"}],"curies":[{"name":"wp","href":"https:\/\/api.w.org\/{rel}","templated":true}]}}