{"id":4899,"date":"2025-02-21T08:30:45","date_gmt":"2025-02-21T08:30:45","guid":{"rendered":"https:\/\/berdintasuna.euskaletxeak.eus\/?page_id=4899"},"modified":"2025-02-21T08:30:45","modified_gmt":"2025-02-21T08:30:45","slug":"ministerios-de-agricultura-y-de-la-mujer-y-la-equidad-de-genero-relevan-inedito-curso-online-dirigido-a-mujeres-profesionales-del-sector-agricola","status":"publish","type":"page","link":"https:\/\/berdintasuna.euskaletxeak.eus\/es\/ministerios-de-agricultura-y-de-la-mujer-y-la-equidad-de-genero-relevan-inedito-curso-online-dirigido-a-mujeres-profesionales-del-sector-agricola\/","title":{"rendered":"Ministerios de Agricultura y de la Mujer y la Equidad de G\u00e9nero relevan in\u00e9dito curso online dirigido a mujeres profesionales del sector agr\u00edcola"},"content":{"rendered":"<p>Fuente: <a href=\"https:\/\/minmujeryeg.gob.cl\/?p=56514\" target=\"_blank\" rel=\"noopener\">Ministerio de la mujer y la equidad de genero<\/a><\/p>\n","protected":false},"excerpt":{"rendered":"<p>Fuente: Ministerio de la mujer y la equidad de genero<\/p>\n","protected":false},"author":3,"featured_media":4900,"parent":0,"menu_order":0,"comment_status":"closed","ping_status":"closed","template":"","meta":{"footnotes":""},"categories":[],"tags":[],"class_list":["post-4899","page","type-page","status-publish","has-post-thumbnail","hentry"],"_links":{"self":[{"href":"https:\/\/berdintasuna.euskaletxeak.eus\/es\/wp-json\/wp\/v2\/pages\/4899","targetHints":{"allow":["GET"]}}],"collection":[{"href":"https:\/\/berdintasuna.euskaletxeak.eus\/es\/wp-json\/wp\/v2\/pages"}],"about":[{"href":"https:\/\/berdintasuna.euskaletxeak.eus\/es\/wp-json\/wp\/v2\/types\/page"}],"author":[{"embeddable":true,"href":"https:\/\/berdintasuna.euskaletxeak.eus\/es\/wp-json\/wp\/v2\/users\/3"}],"replies":[{"embeddable":true,"href":"https:\/\/berdintasuna.euskaletxeak.eus\/es\/wp-json\/wp\/v2\/comments?post=4899"}],"version-history":[{"count":1,"href":"https:\/\/berdintasuna.euskaletxeak.eus\/es\/wp-json\/wp\/v2\/pages\/4899\/revisions"}],"predecessor-version":[{"id":4902,"href":"https:\/\/berdintasuna.euskaletxeak.eus\/es\/wp-json\/wp\/v2\/pages\/4899\/revisions\/4902"}],"wp:featuredmedia":[{"embeddable":true,"href":"https:\/\/berdintasuna.euskaletxeak.eus\/es\/wp-json\/wp\/v2\/media\/4900"}],"wp:attachment":[{"href":"https:\/\/berdintasuna.euskaletxeak.eus\/es\/wp-json\/wp\/v2\/media?parent=4899"}],"wp:term":[{"taxonomy":"category","embeddable":true,"href":"https:\/\/berdintasuna.euskaletxeak.eus\/es\/wp-json\/wp\/v2\/categories?post=4899"},{"taxonomy":"post_tag","embeddable":true,"href":"https:\/\/berdintasuna.euskaletxeak.eus\/es\/wp-json\/wp\/v2\/tags?post=4899"}],"curies":[{"name":"wp","href":"https:\/\/api.w.org\/{rel}","templated":true}]}}