{"id":851,"date":"2022-02-15T09:06:38","date_gmt":"2022-02-15T09:06:38","guid":{"rendered":"https:\/\/berdintasuna.euskaletxeak.eus\/?page_id=851"},"modified":"2025-11-17T13:08:37","modified_gmt":"2025-11-17T13:08:37","slug":"araudia","status":"publish","type":"page","link":"https:\/\/berdintasuna.euskaletxeak.eus\/eu\/baliabideak\/araudia\/","title":{"rendered":"Araudia"},"content":{"rendered":"<div class=\"wpb-content-wrapper\"><p>[vc_row full_width=&#8221;stretch_row&#8221;][vc_column][vc_column_text]<\/p>\n<h3 class=\"fondo\">EUROPAko araudia<\/h3>\n<p>[\/vc_column_text][vc_column_text css=&#8221;&#8221;]<\/p>\n<ul>\n<li><a href=\"https:\/\/www.echr.coe.int\/documents\/d\/echr\/Convention_SPA\">Giza Eskubideak eta Oinarrizko Askatasunak Babesteko Hitzarmenaren 1. eta 14. artikuluak eta protokolo gehigarriak. Europako Kontseiluak 1950eko azaroaren 4an onartua.<\/a><\/li>\n<li><a href=\"https:\/\/www.igualdadenlaempresa.es\/normativa\/docs\/Conclusiones_del_Consejo_de_7_de_marzo_de_2011_sobre_Pacto_Europeo_por_la_Igualdad_de_Genero.pdf\">Kontseiluaren 2011ko martxoaren 7ko ondorioak, Genero Berdintasunaren aldeko Europako Itunari buruzkoak.<\/a><\/li>\n<li><a href=\"https:\/\/eur-lex.europa.eu\/legal-content\/ES\/TXT\/?uri=celex%3A12012E%2FTXT\">Europar Batasunaren Funtzionamenduari buruzko Tratatuaren 8., 153. eta 157. artikuluak eta Europar Batasunaren Oinarrizko Eskubideen Gutuna (2010-03-30eko EBAO).<\/a><\/li>\n<li><a href=\"https:\/\/www.boe.es\/buscar\/doc.php?id=DOUE-Z-2010-70003\">Europar Batasuneko Oinarrizko Eskubideen Gutunaren 20., 21. eta 23. artikuluak.<\/a><\/li>\n<li><a href=\"https:\/\/eur-lex.europa.eu\/LexUriServ\/LexUriServ.do?uri=CELEX:31979L0007:ES:HTML\">Kontseiluaren 79\/7\/EEE Zuzentaraua, 1978ko abenduaren 19koa, gizarte-segurantzaren arloan gizonen eta emakumeen arteko tratu-berdintasunaren printzipioa arian-arian aplikatzeari buruzkoa.<\/a><\/li>\n<li><a href=\"https:\/\/eur-lex.europa.eu\/LexUriServ\/LexUriServ.do?uri=CELEX:31992L0085:ES:HTML\">Kontseiluaren 92\/85\/EEE Zuzentaraua, 1992ko urriaren 19koa, haurdun dagoen, erditu den edo edoskitzaroan dagoen langilearen laneko segurtasuna eta osasuna hobetzeko neurriak aplikatzeari buruzkoa.<\/a><\/li>\n<li><a href=\"https:\/\/eur-lex.europa.eu\/LexUriServ\/LexUriServ.do?uri=OJ:L:2006:204:0023:0036:ES:PDF\">2006\/54\/EE Zuzentaraua, enplegu- eta okupazio-gaietan gizonen eta emakumeen arteko aukera-berdintasunaren eta tratu-berdintasunaren printzipioa aplikatzeari buruzkoa (bateratzea).<\/a><\/li>\n<li><a href=\"https:\/\/eur-lex.europa.eu\/LexUriServ\/LexUriServ.do?uri=OJ:L:2010:068:0013:0020:es:PDF\">2010\/18\/EB Zuzentaraua, Kontseiluarena, 2010eko martxoaren 8koa, BUSINESSEUROPEk, UEAPMEk, CEEPek eta CESek gurasoen baimenari buruz egindako esparru-akordio berrikusia aplikatzen duena eta 96\/34\/EE Zuzentaraua indargabetzen duena.<\/a><\/li>\n<li><a href=\"https:\/\/eur-lex.europa.eu\/LexUriServ\/LexUriServ.do?uri=COM:2010:0078:FIN:ES:PDF\">Emakumearen Europako Gutuna (COM\/2010\/0078 azkena).<\/a><\/li>\n<li><a href=\"https:\/\/www.igualdadenlaempresa.es\/normativa\/docs\/DEF_26.09.19_Recomendacion_Consejo_de_Europa_Sexismo.pdf\">Ministroen Batzordearen CM\/Rec (2019) 1 gomendioa estatu kideei, sexismoa prebenitzeko eta hari aurre egiteko.<\/a><\/li>\n<\/ul>\n<p>[\/vc_column_text][vc_column_text]<\/p>\n<h3>ALEMANIAko araudia<\/h3>\n<p>[\/vc_column_text][vc_column_text css=&#8221;&#8221;]<\/p>\n<ul>\n<li style=\"list-style-type: none;\">\n<ul>\n<li><a href=\"https:\/\/www.gesetze-im-internet.de\/agg\/\" target=\"_blank\" rel=\"noopener\">Tratu-berdintasunari buruzko 2006ko abuztuaren 14ko Lege Orokorra.<\/a><\/li>\n<li><a href=\"https:\/\/www.gesetze-im-internet.de\/entgtranspg\/BJNR215210017.html#:%7E:text=bestimmter%20Personengruppen%20dienen.-,%C2%A7%203%20Verbot%20der%20unmittelbaren%20und%20mittelbaren%20Entgeltbenachteiligung%20wegen%20des,s%C3%A4mtliche%20Entgeltbestandteile%20und%20Entgeltbedingungen%20verboten.\" target=\"_blank\" rel=\"noopener\">2017ko ekainaren 30eko Legea, emakumeen eta gizonen arteko soldata-gardentasuna sustatzeari buruzkoa.<\/a><\/li>\n<li><a href=\"https:\/\/www.parlamentsdokumentation.brandenburg.de\/starweb\/LBB\/ELVIS\/parladoku\/w6\/drs\/ab_10400\/10466.pdf\" target=\"_blank\" rel=\"noopener\">20219ko otsailaren 12ko brandemburgeko parlamentu-hauteskundeei buruzko legea aldatzeko bigarren legea.<\/a><\/li>\n<\/ul>\n<\/li>\n<\/ul>\n<p>[\/vc_column_text][vc_column_text]<\/p>\n<h3>ANDORRAko araudia<\/h3>\n<p>[\/vc_column_text][vc_column_text css=&#8221;&#8221;]<\/p>\n<ul>\n<li><a href=\"https:\/\/normlex.ilo.org\/dyn\/normlex\/es\/f?p=NORMLEXPUB:12100:0::NO::P12100_ILO_CODE:C100\" target=\"_blank\" rel=\"noopener\">Ordainketa-berdintasunari buruzko hitzarmena, 1951 (C100).<\/a><\/li>\n<li><a href=\"https:\/\/webapps.ilo.org\/dyn\/normlex\/es\/f?p=NORMLEXPUB:12100:0::NO::P12100_Ilo_Code:C111\" target=\"_blank\" rel=\"noopener\">Diskriminazioari buruzko hitzarmena (enplegua eta okupazioa), 1958 (C111).<\/a><\/li>\n<li><a href=\"https:\/\/normlex.ilo.org\/dyn\/normlex\/es\/f?p=NORMLEXPUB:55:0::NO::P55_TYPE,P55_LANG,P55_DOCUMENT,P55_NODE:CON,es,C156,\/Document\" target=\"_blank\" rel=\"noopener\">Familia-erantzukizunak dituzten langileei buruzko hitzarmena, 1981 (C156).<\/a><\/li>\n<li><a href=\"https:\/\/normlex.ilo.org\/dyn\/nrmlx_es\/f?p=NORMLEXPUB:12100:0::NO::P12100_INSTRUMENT_ID:312328\" target=\"_blank\" rel=\"noopener\">Amatasuna babesteko hitzarmena, 2000 (C183).<\/a><\/li>\n<li><a href=\"https:\/\/webapps.ilo.org\/dyn\/normlex\/es\/f?p=NORMLEXPUB:12100:0::NO::P12100_ILO_CODE:C189\" target=\"_blank\" rel=\"noopener\">Etxeko langileei buruzko hitzarmena, 2011 (C189).<\/a><\/li>\n<li><a href=\"http:\/\/31\/2018 Legea, Lan Harremanena (2018ko abenduaren 6a)\">31\/2018 Legea, Lan Harremanena (2018ko abenduaren 6a)<\/a><\/li>\n<li><a href=\"https:\/\/www.boe.es\/diario_boe\/txt.php?id=BOE-A-2022-9978\" target=\"_blank\" rel=\"noopener\">Lan-munduan indarkeria eta jazarpena ezabatzeari buruzko hitzarmena, 2019 (C190).<\/a><\/li>\n<li><a href=\"https:\/\/www.segib.org\/wp-content\/uploads\/AF_Ficha_Andorra.pdf\" target=\"_blank\" rel=\"noopener\">13\/2019 Legea, Tratu-berdintasunerakoa eta diskriminaziorik ezekoa (2019ko otsailaren 15a).<\/a><\/li>\n<\/ul>\n<p>[\/vc_column_text][vc_column_text]<\/p>\n<h3>BELGIKAko araudia<\/h3>\n<p>[\/vc_column_text][vc_column_text]<\/p>\n<ul>\n<li><a href=\"https:\/\/etaamb.openjustice.be\/fr\/loi-du-25-fevrier-2003_n2003012105.html\" target=\"_blank\" rel=\"noopener\">Diskriminazioari aurre egiteko legea eta 1993ko otsailaren 15eko legea aldatzea. Lege horrek kanbio-berdintasunerako eta arrazakeriaren aurkako borrokarako zentroa sortu zuen.<\/a><\/li>\n<li><a href=\"https:\/\/www.ejustice.just.fgov.be\/cgi_loi\/change_lg.pl?language=fr&amp;la=F&amp;cn=1973011202&amp;table_name=loi\" target=\"_blank\" rel=\"noopener\">1973ko urtarrilaren 12ko Legea, Estatu Kontseiluari buruz koordinatuak.<\/a><\/li>\n<\/ul>\n<p>[\/vc_column_text][vc_column_text]<\/p>\n<h3>ESPAINIAko araudia<\/h3>\n<p>[\/vc_column_text][vc_column_text css=&#8221;&#8221;]<\/p>\n<ul>\n<li><a href=\"https:\/\/www.boe.es\/boe\/dias\/2023\/03\/01\/pdfs\/BOE-A-2023-5366.pdf\" target=\"_blank\" rel=\"noopener\">4\/2023 Legea, otsailaren 28koa,<\/a> trans pertsonen berdintasun erreal eta eraginkorrerako eta LGTBI pertsonen eskubideak bermatzeko.<\/li>\n<li><a href=\"https:\/\/www.boe.es\/buscar\/pdf\/2022\/BOE-A-2022-14630-consolidado.pdf\" target=\"_blank\" rel=\"noopener\">10\/2022 Lege Organikoa,<\/a> irailaren 6koa, sexu askatasunaren berme integralari buruzkoa.<\/li>\n<li><a href=\"https:\/\/www.boe.es\/buscar\/doc.php?id=BOE-A-2007-6115\" target=\"_blank\" rel=\"noopener\">3\/2007 Lege Organikoa, martxoaren 22koa, Emakumeen eta Gizonen Berdintasun Eragingarrirakoa.<\/a><\/li>\n<li><a href=\"https:\/\/www.igualdadenlaempresa.es\/normativa\/docs\/Articulos_9_2_y_14_Constitucion_Espanola_1978.pdf\" target=\"_blank\" rel=\"noopener\">1978ko Espainiako Konstituzioaren 9.2 eta 14. artikuluak.<\/a><\/li>\n<li><a href=\"https:\/\/www.boe.es\/boe\/dias\/1999\/11\/06\/pdfs\/A38934-38942.pdf\" target=\"_blank\" rel=\"noopener\">39\/1999 Legea, azaroaren 5ekoa, langileen familia eta lana bateragarri egitea sustatzekoa.<\/a><\/li>\n<li><a href=\"https:\/\/www.igualdadenlaempresa.es\/normativa\/docs\/LISOS.pdf\" target=\"_blank\" rel=\"noopener\">5\/2000 Legegintzako Errege Dekretua, abuztuaren 4koa, Lan-arloko arau-hausteei eta zehapenei buruzko Legearen testu bategina onartzen duena<\/a>.<\/li>\n<li><a href=\"https:\/\/www.boe.es\/boe\/dias\/2003\/10\/14\/pdfs\/A36770-36771.pdf\" target=\"_blank\" rel=\"noopener\">30\/2003 Legea, urriaren 13koa, gobernuak egiten dituen arau-xedapenetan genero-eraginaren balorazioa txertatzeko neurriei buruzkoa.<\/a><\/li>\n<li><a href=\"https:\/\/www.igualdadenlaempresa.es\/normativa\/docs\/REAL_DECRETO_1615_2009_de_26_de_octubre(BOE_03_11_2009).pdf\" target=\"_blank\" rel=\"noopener\">1615\/2009 Errege Dekretua, urriaren 26koa, \u00abBerdintasuna enpresan\u00bb bereizgarria ematea eta erabiltzea arautzen duena.<\/a><\/li>\n<li><a href=\"https:\/\/www.boe.es\/boe\/dias\/2015\/07\/22\/pdfs\/BOE-A-2015-8168.pdf\" target=\"_blank\" rel=\"noopener\">23\/2015 Legea, uztailaren 21ekoa, Laneko eta Gizarte Segurantzako Ikuskatzailetza Sistema antolatzen duena.<\/a><\/li>\n<li><a href=\"https:\/\/www.igualdadenlaempresa.es\/normativa\/docs\/ET.pdf\" target=\"_blank\" rel=\"noopener\">2\/2015 Legegintzako Errege Dekretua, urriaren 23koa, Langileen Estatutuaren Legearen testu bategina onartzen duena.<\/a><\/li>\n<li><a href=\"https:\/\/www.boe.es\/boe\/dias\/2015\/10\/13\/pdfs\/BOE-A-2015-10984.pdf\" target=\"_blank\" rel=\"noopener\">850\/2015 Errege Dekretua, irailaren 28koa, \u00abBerdintasuna enpresan\u00bb bereizgarria ematea eta erabiltzea arautzen duen urriaren 26ko 1615\/2009 Errege Dekretua aldatzen duena.<\/a><\/li>\n<li><a href=\"https:\/\/www.igualdadenlaempresa.es\/normativa\/docs\/EBEP.pdf\" target=\"_blank\" rel=\"noopener\">5\/2015 Legegintzako Errege Dekretua, urriaren 30ekoa, Enplegatu Publikoaren Oinarrizko Estatutuaren Legearen testu bategina onartzen duena.<\/a><\/li>\n<li><a href=\"https:\/\/www.igualdadenlaempresa.es\/normativa\/docs\/LGSS.pdf\" target=\"_blank\" rel=\"noopener\">8\/2015 Legegintzako Errege Dekretua, urriaren 30ekoa, Gizarte Segurantzaren Lege Orokorraren testu bategina encarten duena.<\/a><\/li>\n<li><a href=\"https:\/\/www.igualdadenlaempresa.es\/normativa\/docs\/BOE-A-2018-17989.pdf\" target=\"_blank\" rel=\"noopener\">11\/2018 Legea, abenduaren 28koa, Merkataritzako Kodea, Kapital Sozietateen Legearen testu bategina \u2013 uztailaren 2ko 1\/2010 Legegintzako Errege Dekretuaren bidez onartua \u2013 eta Kontu Auditoretzaren uztailaren 20ko 22\/2015 Legea aldatzen dituena, informazio ez-finantzarioaren eta aniztasunaren arloan<\/a>.<\/li>\n<li><a href=\"https:\/\/www.igualdadenlaempresa.es\/normativa\/docs\/BOE-A-2019-3244.pdf\" target=\"_blank\" rel=\"noopener\">6\/2019 Errege Lege Dekretua, martxoaren 1ekoa, Enpleguan eta okupazioan emakumeen eta gizonen arteko tratu- eta aukera-berdintasuna bermatzeko presako neurriena.<\/a><\/li>\n<li><a href=\"https:\/\/www.boe.es\/eli\/es\/rd\/2020\/10\/13\/901\/dof\/spa\/pdf\" target=\"_blank\" rel=\"noopener\">901\/2020 Errege Dekretua, urriaren 13koa, berdintasun-planak eta horien erregistroa arautzen dituena eta maiatzaren 28ko 713\/2010 Errege Dekretua, laneko hitzarmen eta akordio kolektiboak erregistratu eta gordailutzeari buruzkoa, aldatzen duena.<\/a><\/li>\n<li><a href=\"https:\/\/www.boe.es\/buscar\/pdf\/2020\/BOE-A-2020-12215-consolidado.pdf\" target=\"_blank\" rel=\"noopener\">902\/2020 Errege Dekretua, urriaren 13koa, emakumeen eta gizonen ordainsari-berdintasunari buruzkoa.<\/a><\/li>\n<li><a href=\"https:\/\/www.boe.es\/boe\/dias\/2022\/11\/03\/pdfs\/BOE-A-2022-18040.pdf\" target=\"_blank\" rel=\"noopener\">PCM\/1047\/2022 Agindua, azaroaren 1ekoa, Emakumeen eta gizonen arteko ordainsari-berdintasunari buruzko urriaren 13ko 902\/2020 Errege Dekretuan aurreikusitako lanpostuak baloratzeko prozedura onartu eta argitaratzen duena<\/a>.<\/li>\n<\/ul>\n<p>[\/vc_column_text][vc_column_text]<\/p>\n<h3>EUSKADIko araudia<\/h3>\n<p>[\/vc_column_text][vc_column_text]<\/p>\n<ul>\n<li><a href=\"https:\/\/www.legegunea.euskadi.eus\/eli\/es-pv\/l\/2005\/02\/18\/4\/dof\/eus\/html\/webleg00-contfich\/eu\/\" target=\"_blank\" rel=\"noopener\">4\/2005 Legea, otsailaren 18koa, emakumeen eta gizonen berdintasuna lortzeko eta emakumeen kontrako indarkeria matxistarik gabe bizitzeko.<\/a><\/li>\n<li><a href=\"https:\/\/www.euskadi.eus\/y22-bopv\/es\/bopv2\/datos\/2022\/03\/2201257e.pdf\" target=\"_blank\" rel=\"noopener\">1\/2022 Legea, martxoaren 3koa, emakumeen eta gizonen berdintasunerako legearen bigarren aldaketa egitekoa.<\/a><\/li>\n<\/ul>\n<p>[\/vc_column_text][vc_column_text]<\/p>\n<h3>FRANTZIAko araudia<\/h3>\n<p>[\/vc_column_text][vc_column_text css=&#8221;&#8221;]<\/p>\n<ul>\n<li><a href=\"https:\/\/www.legifrance.gouv.fr\/loda\/id\/JORFTEXT000000816849\/\">2006-340 Legea, 2006ko martxoaren 23koa, emakumeen eta gizonen arteko soldata-berdintasunari buruzkoa.<\/a><\/li>\n<li><a href=\"https:\/\/www.legifrance.gouv.fr\/loda\/id\/JORFTEXT000023487662\">2011.1013 Legea, 2011ko urtarrilaren 27koa, administrazio eta zaintza kontseiluetan emakumeen eta gizonen ordezkaritza orekatuari eta berdintasun profesionalari buruzkoa.<\/a><\/li>\n<li><a href=\"https:\/\/www.legifrance.gouv.fr\/loda\/id\/JORFTEXT000029330832\">2014-873 Legea, 2014ko abuztuaren 4koa, emakumeen eta gizonen arteko benetako berdintasunari buruzkoa.<\/a><\/li>\n<\/ul>\n<p>[\/vc_column_text][vc_column_text]<\/p>\n<h3>ITALIAko araudia<\/h3>\n<p>[\/vc_column_text][vc_column_text css=&#8221;&#8221;]<\/p>\n<ul>\n<li style=\"list-style-type: none;\">\n<ul>\n<li><a href=\"https:\/\/www.normattiva.it\/esporta\/attoCompleto?atto.dataPubblicazioneGazzetta=2006-05-31&amp;atto.codiceRedazionale=006G0216\">Emakumeen eta Gizonen Aukera Berdintasunerako Kodea, Emakumeen eta Gizonen Berdintasunerako Legearen 6. artikuluaren arabera. 2005eko azaroaren 28ko 246. 2006ko apirilaren 11ko Legegintzako Dekretua, 198. zk.<\/a><\/li>\n<\/ul>\n<\/li>\n<\/ul>\n<p>[\/vc_column_text][\/vc_column][\/vc_row][vc_row full_width=&#8221;stretch_row&#8221; css=&#8221;.vc_custom_1701551883032{background-color: #e0e0e0 !important;}&#8221;][vc_column][vc_column_text css=&#8221;&#8221;]<\/p>\n<h3>AMERIKAko araudia<\/h3>\n<p>[\/vc_column_text][vc_column_text css=&#8221;&#8221;]<\/p>\n<ul>\n<li><a href=\"https:\/\/www.segib.org\/cooperacion-iberoamericana\/genero\/legislacion-en-materia-de-autonomia-y-empoderamiento-economico-de-las-mujeres-en-iberoamerica\/\" target=\"_blank\" rel=\"noopener\">Iberoamerikako emakumeen autonomiari eta ahalduntze ekonomikoari buruzko legeria<\/a><\/li>\n<\/ul>\n<p>[\/vc_column_text][vc_column_text]<\/p>\n<h3>ARGENTINAko araudia<\/h3>\n<p>[\/vc_column_text][vc_column_text css=&#8221;&#8221;]<\/p>\n<ul>\n<li><a href=\"https:\/\/oig.cepal.org\/sites\/default\/files\/2021_decreto_1232021_arg.pdf\" target=\"_blank\" rel=\"noopener\">123\/2021 Dekretua, emakumeen, trabestien eta transexualen aurkako erailketak prebenitu eta jorratzekoa, genero arrazoiengatik ematen diren muturreko indarkeriak osotasunean jorratzeko erakundeen arteko programaren barruan.<\/a><\/li>\n<li><a href=\"https:\/\/oig.cepal.org\/sites\/default\/files\/2019_arg_ley27501.pdf\" target=\"_blank\" rel=\"noopener\">27.501 zenbakidun legea, kaleko jazarpena emakumeen aurkako indarkeriatzat hartzen duena.<\/a><\/li>\n<li><a href=\"https:\/\/oig.cepal.org\/sites\/default\/files\/2019_ley27533_arg.pdf\" target=\"_blank\" rel=\"noopener\">27.533 legea, 26.485 legea aldatzeko<\/a><\/li>\n<li><a href=\"https:\/\/www.argentina.gob.ar\/normativa\/nacional\/ley-27499-318666\/texto\" target=\"_blank\" rel=\"noopener\">27.499 Legea, \u201cMicaela Legea\u201d, Estatuko hiru botereak osatzen dituzten pertsona guztiak generoa lantzera behartzen dituena.<\/a><\/li>\n<li><a href=\"https:\/\/oig.cepal.org\/sites\/default\/files\/2018_decreto871_arg_.pdf\" target=\"_blank\" rel=\"noopener\">871 Dekretua, 27.452 Legearen araudia. Horren bidez, ekonomikoki konpontzeko araubidea sortzen da, gurasoa auzipetu edo\/eta kondenatu duten haur, gazte eta nerabeentzat, baldin eta gurasoa hilketa-delituaren egile, egilekide, bultzatzaile edo erantzule bada.<\/a><\/li>\n<li><a href=\"https:\/\/oig.cepal.org\/sites\/default\/files\/2018_arg_ley_27452.pdf\" target=\"_blank\" rel=\"noopener\">27.452 Legea, haur eta nerabeentzako erreparazio ekonomikoaren araubidea<\/a><\/li>\n<li><a href=\"https:\/\/oig.cepal.org\/sites\/default\/files\/2017_arg_ley27363.pdf\" target=\"_blank\" rel=\"noopener\">522 dekretua. Argentinako Kode Zibila eta Merkataritzakoa aldatzen du, guraso-erantzukizuna kentzeko honakoa hauei:<\/a><\/li>\n<li><a href=\"https:\/\/oig.cepal.org\/sites\/default\/files\/2017_arg_ley27352.pdf\" target=\"_blank\" rel=\"noopener\">27.352 Legea, Zigor Kodea aldatzen duena, sexu-abusua dakarten ekintzak zehazteko<\/a><\/li>\n<li><a href=\"https:\/\/oig.cepal.org\/sites\/default\/files\/2015_arg_ley_27.234.pdf\" target=\"_blank\" rel=\"noopener\">27.234 Legeak herrialdeko ikastetxe guztietan, publikoak zein pribatuak, lehen, bigarren, edo hirugarren hezkuntzakoak izan, \u201cBerdintasunean Hezi: Genero-Indarkeriaren Prebentzioa eta Ezabatzea\u201d jardunaldia egiteko oinarriak zehazten ditu, ikasleek eta irakasleek genero-indarkeria prebenitu eta ezabatzeko jarrerak, jakintzak, balioak eta praktikak garatu eta finka ditzaten.<\/a><\/li>\n<li><a href=\"http:\/\/servicios.infoleg.gob.ar\/infolegInternet\/anexos\/150000-154999\/152155\/norma.htm\">26.485 Legea, pertsona arteko harremanak gartzen dituzten esparruetan emakumeen aurkako indarkeria prebenitzeko, zigortzeko eta desagerrarazteko babes integralekoa<\/a><\/li>\n<li><a href=\"http:\/\/www.jus.gob.ar\/media\/3108867\/ley_26743_identidad_de_genero.pdf\">26.743 Legeak beren genero-identitatearen arabera pertsonen aitorpena eta garapen askea bermatzen du.<\/a><\/li>\n<\/ul>\n<p>[\/vc_column_text][vc_column_text]<\/p>\n<h3>MEXIKOko araudia<\/h3>\n<p>[\/vc_column_text][vc_column_text css=&#8221;&#8221;]<\/p>\n<ul>\n<li><a href=\"https:\/\/www.diputados.gob.mx\/LeyesBiblio\/pdf\/LGAMVLV.pdf\" target=\"_blank\" rel=\"noopener\">Emakumeek indarkeriarik gabeko bizitza izateko Lege Orokorra (azken emendakina 2024an)<\/a><\/li>\n<li><a href=\"https:\/\/oig.cepal.org\/sites\/default\/files\/2018_lgpliemyh_mex.pdf\" target=\"_blank\" rel=\"noopener\">Emakumeen eta Gizonen Berdintasunerako Lege Orokorra.<\/a><\/li>\n<li><a href=\"https:\/\/www.diputados.gob.mx\/LeyesBiblio\/pdf\/LGPSEDMTP.pdf\" target=\"_blank\" rel=\"noopener\">Pertsonen salerosketa delituak prebenitu, zigortu eta ezabatzeko eta delitu horien biktimak babestu eta laguntzeko Lege Orokorra (azken emendakina 2014an)<\/a><\/li>\n<\/ul>\n<p>[\/vc_column_text][vc_column_text]<\/p>\n<h3>AEBko araudia<\/h3>\n<p>[\/vc_column_text][vc_column_text]<\/p>\n<ul>\n<li><a href=\"https:\/\/www.eeoc.gov\/es\/discriminacion-por-embarazo\" target=\"_blank\" rel=\"noopener\">Haurdunaldiko Bereizkeria Legea<\/a><\/li>\n<\/ul>\n<p>[\/vc_column_text][vc_column_text]<\/p>\n<h3>TXILEko araudia<\/h3>\n<p>[\/vc_column_text][vc_column_text]<\/p>\n<ul>\n<li><a href=\"https:\/\/www.bcn.cl\/leychile\/navegar?idNorma=1162243&amp;idParte=0\">21356 Legeak genero-ordezkaritza ezartzen du enpresa publikoetako eta adierazitako estatuko elkarteetako direktorioetan.<\/a><\/li>\n<li><a href=\"https:\/\/www.bcn.cl\/leychile\/navegar?idNorma=1143040&amp;idParte=0\">21212 Legeak zigor-kodea, zigor-kode prozesala eta 18.216 legea aldatu ditu feminizidioaren tipifikazioari dagokionez.<\/a><\/li>\n<li><a href=\"https:\/\/www.bcn.cl\/leychile\/navegar?idNorma=1131140&amp;idParte=0\">21153 Legeak zigor-kodea aldatu du, espazio publikoetako sexu-jazarpeneko delitua tipifikatzeko.<\/a><\/li>\n<li><a href=\"https:\/\/www.bcn.cl\/leychile\/navegar?idNorma=1131064&amp;idParte=0\">21155 Legeak babes-neurriak ezarri ditu amaren edoskitzea eta hura gauzatzea babesteko.<\/a><\/li>\n<\/ul>\n<p>[\/vc_column_text][vc_column_text]<\/p>\n<h3>URUGUAIko araudia<\/h3>\n<p>[\/vc_column_text][vc_column_text css=&#8221;&#8221;]<\/p>\n<ul>\n<li><a href=\"https:\/\/odon.edu.uy\/sitios\/cosset\/wp-content\/uploads\/sites\/59\/2018\/06\/L-18.561.pdf\">Sexu-jazarpenarekin lotutako 18.561 Legea (2017)<\/a><\/li>\n<li><a href=\"https:\/\/oig.cepal.org\/sites\/default\/files\/2018_ley19580_ury.pdf\">19.580 Legea, generoan oinarritutako emakumeen aurkako indarkeriaren kontrako arauak ematen dituena (2018).<\/a><\/li>\n<\/ul>\n<p>[\/vc_column_text][vc_column_text]<\/p>\n<h3>BRASILgo araudia<\/h3>\n<p>[\/vc_column_text][vc_column_text]<\/p>\n<ul>\n<li><a href=\"https:\/\/oig.cepal.org\/sites\/default\/files\/ley_11.340_maria_da_penha_de_brasil.pdf\">11.340 Legea (Maria da Penha) &#8211; 2006: emakume guztiek indarkeriarik gabeko bizitza izateko duten eskubidea aitortzen du eta eraso mota hori emakumeen eskubideen aurkako atentatutzat jotzen du.<\/a><\/li>\n<li><a href=\"https:\/\/www.nucleodoconhecimento.com.br\/ley\/feminicidio-con-el-advenimiento\">13.104 Legea, 2015eko martxoaren 9koa:<\/a><a href=\"https:\/\/www.nucleodoconhecimento.com.br\/ley\/feminicidio-con-el-advenimiento\">Zigor Kodea berritu zuen feminizidoa homizidio gisa kalifikatzeko.<\/a><\/li>\n<\/ul>\n<p>[\/vc_column_text][vc_column_text]<\/p>\n<h3>KOLONBIAko araudia<\/h3>\n<p>[\/vc_column_text][vc_column_text css=&#8221;&#8221;]<\/p>\n<ul>\n<li><a href=\"https:\/\/www.suin-juriscol.gov.co\/viewDocument.asp?ruta=Leyes\/30019921#:~:text=Feminicidio.,a%20quinientos%20(500)%20meses.\">Rosa Elvira Cely feminizidio-legeak (2015eko 1761 Legea) feminizidioa delitu autonomo gisa tipifikatu zuen.<\/a><\/li>\n<li><a href=\"https:\/\/www.funcionpublica.gov.co\/eva\/gestornormativo\/norma.php?i=18843\">1.010 Legea, lan-harremanen testuinguruan laneko jazarpena eta bestelako jazarpenak prebenitzeko, zuzentzeko eta zigortzeko neurriak jasotzen dituena.<\/a><\/li>\n<li><a href=\"https:\/\/www.funcionpublica.gov.co\/eva\/gestornormativo\/norma.php?i=57716\">1.719 Legea. Horren bidez, 2000ko 599 eta 2004ko 906 legeetako artikulu batzuk aldatu eta sexu-indarkeriako biktimek justiziarako sarbidea izatea bermatzeko neurri batzuk hartu dira, eta bereziki gatazka armatuarekin lotutako sexu-indarkeriari dagokionez.<\/a><\/li>\n<li><a href=\"https:\/\/www.funcionpublica.gov.co\/eva\/gestornormativo\/norma.php?i=45267\">1.496 Legea. Emakumeen eta gizonen arteko soldata- eta ordainsari-berdintasuna bermatzen da, edozein diskriminazio-mota desagerrarazteko mekanismoak ezartzen dira eta beste xedapen batzuk ematen dira (2011ko abenduaren 29koa).<\/a><\/li>\n<\/ul>\n<p>[\/vc_column_text][vc_column_text]<\/p>\n<h3>PERUko araudia<\/h3>\n<p>[\/vc_column_text][vc_column_text css=&#8221;&#8221;]<\/p>\n<ul>\n<li><a href=\"https:\/\/busquedas.elperuano.pe\/normaslegales\/ley-que-previene-y-sanciona-el-acoso-contra-las-mujeres-en-l-ley-n-31155-1941276-2\/\">31.155 Legea, bizitza politikoan emakumeen aurkako jazarpena zigortzen eta prebenitzen duen legea (2021)<\/a><\/li>\n<li><a href=\"https:\/\/busquedas.elperuano.pe\/normaslegales\/decreto-legislativo-que-incorpora-el-delito-de-acoso-acoso-decreto-legislativo-n-1410-1690482-3\/\">1.410 Legegintzako Dekretua, jazarpeneko, sexu-jazarpeneko, sexu-xantaiako eta sexu-edukia duten irudiak, ikus-entzunezko materialak edo audioak hedatzearekin lotutako delitua gehitzen eta beste xedapen batzuk onartzen dituena.<\/a><\/li>\n<li><a href=\"https:\/\/spij.minjus.gob.pe\/spij-ext-web\/#\/detallenorma\/H1141065\">30.364 Legea. Emakumeen eta familia-taldeko kideen aurkako indarkeria prebenitzeko, zigortzeko eta desagerrarazteko legea.<\/a><\/li>\n<\/ul>\n<p>[\/vc_column_text][vc_column_text]<\/p>\n<h3>KANADAko araudia<\/h3>\n<p>[\/vc_column_text][vc_column_text]<\/p>\n<ul>\n<li><a href=\"https:\/\/laws-lois.justice.gc.ca\/eng\/acts\/P-4.2\/\" target=\"_blank\" rel=\"noopener\">Soldata-berdintasunaren legea<\/a><\/li>\n<\/ul>\n<p>[\/vc_column_text][\/vc_column][\/vc_row][vc_row full_width=&#8221;stretch_row&#8221;][vc_column][vc_column_text]<\/p>\n<h3 class=\"fondo\">ASIAko araudia<\/h3>\n<p>[\/vc_column_text][vc_column_text]<\/p>\n<h3>JAPONIAko araudia<\/h3>\n<p>[\/vc_column_text][vc_column_text css=&#8221;&#8221;]<\/p>\n<ul>\n<li><a href=\"https:\/\/kyodaimagazine.jp\/tema-legal-japon\/mujer-leyes-que-la-protegen-en-el-japon\/\">Genero-baldintzen berdintasuna lanean. Lantokiko gizonen eta emakumeen arteko berdintasuna Lan Arauen Legean jasota dago (<span lang=\"en-US\">\u52b4\u50cd\u57fa\u6e96\u6cd5<\/span> R\u014dd\u014d kijun-h\u014d).<\/a><\/li>\n<li>Enpleguko Aukera Berdintasunerako Legea (\u7537\u5973\u96c7\u7528\u6a5f\u4f1a\u5747\u7b49\u6cd5 Danjokoy\u014dkikaikint\u014dh\u014d).<\/li>\n<\/ul>\n<p>[\/vc_column_text][vc_column_text]<\/p>\n<h3>TXINAko araudia<\/h3>\n<p>[\/vc_column_text][vc_column_text]<\/p>\n<ul>\n<li><a href=\"https:\/\/normlex.ilo.org\/dyn\/normlex\/es\/f?p=NORMLEXPUB:12100:0::NO::P12100_INSTRUMENT_ID:312256\" target=\"_blank\" rel=\"noopener\">Diskriminazioari buruzko hitzarmena (enplegua eta okupazioa), 1958 (111. zk.).<\/a><\/li>\n<\/ul>\n<p>[\/vc_column_text][\/vc_column][\/vc_row][vc_row full_width=&#8221;stretch_row&#8221; css=&#8221;.vc_custom_1701551935238{background-color: #e0e0e0 !important;}&#8221;][vc_column][vc_column_text]<\/p>\n<h3 class=\"fondo\">AUSTRALIAko araudia<\/h3>\n<p>[\/vc_column_text][vc_column_text]<\/p>\n<ul>\n<li><a href=\"https:\/\/www.legislation.gov.au\/Details\/C2014C00002\" target=\"_blank\" rel=\"noopener\">Berdintasunerako legea.<\/a><\/li>\n<\/ul>\n<p>[\/vc_column_text][\/vc_column][\/vc_row]<\/p>\n<\/div>","protected":false},"excerpt":{"rendered":"<p>[vc_row full_width=&#8221;stretch_row&#8221;][vc_column][vc_column_text] EUROPAko araudia [\/vc_column_text][vc_column_text css=&#8221;&#8221;] Giza Eskubideak eta Oinarrizko Askatasunak Babesteko Hitzarmenaren 1. eta 14. artikuluak eta protokolo gehigarriak. Europako Kontseiluak 1950eko azaroaren 4an onartua.<span class=\"excerpt-hellip\"> [\u2026]<\/span><\/p>\n","protected":false},"author":2,"featured_media":0,"parent":848,"menu_order":0,"comment_status":"closed","ping_status":"closed","template":"","meta":{"footnotes":""},"categories":[],"tags":[],"class_list":["post-851","page","type-page","status-publish","hentry"],"_links":{"self":[{"href":"https:\/\/berdintasuna.euskaletxeak.eus\/eu\/wp-json\/wp\/v2\/pages\/851","targetHints":{"allow":["GET"]}}],"collection":[{"href":"https:\/\/berdintasuna.euskaletxeak.eus\/eu\/wp-json\/wp\/v2\/pages"}],"about":[{"href":"https:\/\/berdintasuna.euskaletxeak.eus\/eu\/wp-json\/wp\/v2\/types\/page"}],"author":[{"embeddable":true,"href":"https:\/\/berdintasuna.euskaletxeak.eus\/eu\/wp-json\/wp\/v2\/users\/2"}],"replies":[{"embeddable":true,"href":"https:\/\/berdintasuna.euskaletxeak.eus\/eu\/wp-json\/wp\/v2\/comments?post=851"}],"version-history":[{"count":65,"href":"https:\/\/berdintasuna.euskaletxeak.eus\/eu\/wp-json\/wp\/v2\/pages\/851\/revisions"}],"predecessor-version":[{"id":5670,"href":"https:\/\/berdintasuna.euskaletxeak.eus\/eu\/wp-json\/wp\/v2\/pages\/851\/revisions\/5670"}],"up":[{"embeddable":true,"href":"https:\/\/berdintasuna.euskaletxeak.eus\/eu\/wp-json\/wp\/v2\/pages\/848"}],"wp:attachment":[{"href":"https:\/\/berdintasuna.euskaletxeak.eus\/eu\/wp-json\/wp\/v2\/media?parent=851"}],"wp:term":[{"taxonomy":"category","embeddable":true,"href":"https:\/\/berdintasuna.euskaletxeak.eus\/eu\/wp-json\/wp\/v2\/categories?post=851"},{"taxonomy":"post_tag","embeddable":true,"href":"https:\/\/berdintasuna.euskaletxeak.eus\/eu\/wp-json\/wp\/v2\/tags?post=851"}],"curies":[{"name":"wp","href":"https:\/\/api.w.org\/{rel}","templated":true}]}}